{"id":34186,"date":"2022-09-01T18:52:02","date_gmt":"2022-09-01T18:52:02","guid":{"rendered":"https:\/\/milicia-pro.com\/?post_type=product&#038;p=34186"},"modified":"2025-12-20T12:46:52","modified_gmt":"2025-12-20T12:46:52","slug":"patch-guarda-prisional-25cm-x-11cm","status":"publish","type":"product","link":"https:\/\/milicia-pro.com\/index.php\/product\/patch-guarda-prisional-25cm-x-11cm\/","title":{"rendered":"PATCH  GUARDA PRISIONAL 25CM x 11CM"},"content":{"rendered":"<p>Pacth refletor Guarda Prisional<\/p>\n<p>Medidas: 25cm X 11cm<\/p>\n<p>Fundo preto, letras cinzentas refletoras<\/p>\n","protected":false},"excerpt":{"rendered":"<p>VENDA EXCLUSIVA A PROFISSIONAIS-GUARDA PRISIONAL- MEDIANTE IDENTIFICA\u00c7\u00c3O &#8211; <strong>PRE\u00c7O PVP SEM DESCONTO<\/strong><\/p>\n","protected":false},"featured_media":34209,"comment_status":"open","ping_status":"closed","template":"","meta":{"_monsterinsights_skip_tracking":false,"_monsterinsights_sitenote_active":false,"_monsterinsights_sitenote_note":"","_monsterinsights_sitenote_category":0},"product_brand":[],"product_cat":[1457,1455],"product_tag":[522],"class_list":{"0":"post-34186","1":"product","2":"type-product","3":"status-publish","4":"has-post-thumbnail","6":"product_cat-insignias","7":"product_cat-insignias-patch","8":"product_tag-guarda-prisional","10":"first","11":"instock","12":"shipping-taxable","13":"purchasable","14":"product-type-variable"},"aioseo_notices":[],"jetpack_sharing_enabled":true,"_links":{"self":[{"href":"https:\/\/milicia-pro.com\/index.php\/wp-json\/wp\/v2\/product\/34186","targetHints":{"allow":["GET"]}}],"collection":[{"href":"https:\/\/milicia-pro.com\/index.php\/wp-json\/wp\/v2\/product"}],"about":[{"href":"https:\/\/milicia-pro.com\/index.php\/wp-json\/wp\/v2\/types\/product"}],"replies":[{"embeddable":true,"href":"https:\/\/milicia-pro.com\/index.php\/wp-json\/wp\/v2\/comments?post=34186"}],"wp:featuredmedia":[{"embeddable":true,"href":"https:\/\/milicia-pro.com\/index.php\/wp-json\/wp\/v2\/media\/34209"}],"wp:attachment":[{"href":"https:\/\/milicia-pro.com\/index.php\/wp-json\/wp\/v2\/media?parent=34186"}],"wp:term":[{"taxonomy":"product_brand","embeddable":true,"href":"https:\/\/milicia-pro.com\/index.php\/wp-json\/wp\/v2\/product_brand?post=34186"},{"taxonomy":"product_cat","embeddable":true,"href":"https:\/\/milicia-pro.com\/index.php\/wp-json\/wp\/v2\/product_cat?post=34186"},{"taxonomy":"product_tag","embeddable":true,"href":"https:\/\/milicia-pro.com\/index.php\/wp-json\/wp\/v2\/product_tag?post=34186"}],"curies":[{"name":"wp","href":"https:\/\/api.w.org\/{rel}","templated":true}]}}