{"id":34178,"date":"2022-09-01T18:51:39","date_gmt":"2022-09-01T18:51:39","guid":{"rendered":"https:\/\/milicia-pro.com\/?post_type=product&#038;p=34178"},"modified":"2026-02-23T16:28:48","modified_gmt":"2026-02-23T16:28:48","slug":"oculos-ice-3-medio-large-c-3-lentes","status":"publish","type":"product","link":"https:\/\/milicia-pro.com\/index.php\/product\/oculos-ice-3-medio-large-c-3-lentes\/","title":{"rendered":"\u00d3CULOS ICE-3  MEDIO\/LARGE (C\/ 3 LENTES)"},"content":{"rendered":"<p style=\"background: #F8F8F8;margin: 0cm 0cm 13.5pt 0cm\"><span style=\"font-size: 9.0pt;font-family: 'Arial',sans-serif;color: #494847\">&#8211; Prote\u00e7\u00e3o Bal\u00edstica<\/span><\/p>\n<p style=\"background: #F8F8F8;margin: 0cm 0cm 13.5pt 0cm\"><span style=\"font-size: 9.0pt;font-family: 'Arial',sans-serif;color: #494847\">&#8211; 3 lentes, bolsa + fita<\/span><\/p>\n","protected":false},"excerpt":{"rendered":"<p>&#8211; Prote\u00e7\u00e3o Bal\u00edstica &#8211; 3 lentes, bolsa + fita<\/p>\n","protected":false},"featured_media":34204,"comment_status":"open","ping_status":"closed","template":"","meta":{"_monsterinsights_skip_tracking":false,"_monsterinsights_sitenote_active":false,"_monsterinsights_sitenote_note":"","_monsterinsights_sitenote_category":0},"product_brand":[],"product_cat":[971,829],"product_tag":[512,757,688],"class_list":{"0":"post-34178","1":"product","2":"type-product","3":"status-publish","4":"has-post-thumbnail","6":"product_cat-ess","7":"product_cat-marcas","8":"product_tag-balistica","9":"product_tag-lentes","10":"product_tag-oculos","12":"first","13":"instock","14":"shipping-taxable","15":"purchasable","16":"product-type-variable"},"aioseo_notices":[],"jetpack_sharing_enabled":true,"_links":{"self":[{"href":"https:\/\/milicia-pro.com\/index.php\/wp-json\/wp\/v2\/product\/34178","targetHints":{"allow":["GET"]}}],"collection":[{"href":"https:\/\/milicia-pro.com\/index.php\/wp-json\/wp\/v2\/product"}],"about":[{"href":"https:\/\/milicia-pro.com\/index.php\/wp-json\/wp\/v2\/types\/product"}],"replies":[{"embeddable":true,"href":"https:\/\/milicia-pro.com\/index.php\/wp-json\/wp\/v2\/comments?post=34178"}],"wp:featuredmedia":[{"embeddable":true,"href":"https:\/\/milicia-pro.com\/index.php\/wp-json\/wp\/v2\/media\/34204"}],"wp:attachment":[{"href":"https:\/\/milicia-pro.com\/index.php\/wp-json\/wp\/v2\/media?parent=34178"}],"wp:term":[{"taxonomy":"product_brand","embeddable":true,"href":"https:\/\/milicia-pro.com\/index.php\/wp-json\/wp\/v2\/product_brand?post=34178"},{"taxonomy":"product_cat","embeddable":true,"href":"https:\/\/milicia-pro.com\/index.php\/wp-json\/wp\/v2\/product_cat?post=34178"},{"taxonomy":"product_tag","embeddable":true,"href":"https:\/\/milicia-pro.com\/index.php\/wp-json\/wp\/v2\/product_tag?post=34178"}],"curies":[{"name":"wp","href":"https:\/\/api.w.org\/{rel}","templated":true}]}}