{"id":34165,"date":"2022-09-01T18:51:37","date_gmt":"2022-09-01T18:51:37","guid":{"rendered":"https:\/\/milicia-pro.com\/?post_type=product&#038;p=34165"},"modified":"2026-02-18T18:31:43","modified_gmt":"2026-02-18T18:31:43","slug":"cinto-cobra-buckle","status":"publish","type":"product","link":"https:\/\/milicia-pro.com\/index.php\/product\/cinto-cobra-buckle\/","title":{"rendered":"CINTO COBRA BUCKLE"},"content":{"rendered":"<p><img loading=\"lazy\" decoding=\"async\" class=\" wp-image-38341 alignleft\" src=\"https:\/\/milicia-pro.com\/wp-content\/uploads\/2022\/09\/MIL.COBRA-MULTICAM-02-300x158.png\" alt=\"\" width=\"429\" height=\"226\" srcset=\"https:\/\/milicia-pro.com\/wp-content\/uploads\/2022\/09\/MIL.COBRA-MULTICAM-02-300x158.png 300w, https:\/\/milicia-pro.com\/wp-content\/uploads\/2022\/09\/MIL.COBRA-MULTICAM-02-510x269.png 510w, https:\/\/milicia-pro.com\/wp-content\/uploads\/2022\/09\/MIL.COBRA-MULTICAM-02.png 634w\" sizes=\"auto, (max-width: 429px) 100vw, 429px\" \/><\/p>\n<p>&nbsp;<\/p>\n<ul>\n<li>Design ergon\u00f4mico<\/li>\n<li>Constru\u00e7\u00e3o dur\u00e1vel e robusta<\/li>\n<li>1,75 &#8220;de largura<\/li>\n<li>La\u00e7o frontal da web<\/li>\n<li>Fivelas AustriAlpin\u00ae personaliz\u00e1veis<\/li>\n<\/ul>\n","protected":false},"excerpt":{"rendered":"<p>&nbsp; Design ergon\u00f4mico Constru\u00e7\u00e3o dur\u00e1vel e robusta 1,75 &#8220;de largura La\u00e7o frontal da web Fivelas AustriAlpin\u00ae personaliz\u00e1veis<\/p>\n","protected":false},"featured_media":38342,"comment_status":"open","ping_status":"closed","template":"","meta":{"_monsterinsights_skip_tracking":false,"_monsterinsights_sitenote_active":false,"_monsterinsights_sitenote_note":"","_monsterinsights_sitenote_category":0},"product_brand":[1499],"product_cat":[1153,982,1063],"product_tag":[116,326],"class_list":{"0":"post-34165","1":"product","2":"type-product","3":"status-publish","4":"has-post-thumbnail","6":"product_brand-milicia","7":"product_cat-cinto","8":"product_cat-milicia","9":"product_cat-vestuario","10":"product_tag-cinto","11":"product_tag-tatico","13":"first","14":"instock","15":"shipping-taxable","16":"purchasable","17":"product-type-variable"},"aioseo_notices":[],"jetpack_sharing_enabled":true,"_links":{"self":[{"href":"https:\/\/milicia-pro.com\/index.php\/wp-json\/wp\/v2\/product\/34165","targetHints":{"allow":["GET"]}}],"collection":[{"href":"https:\/\/milicia-pro.com\/index.php\/wp-json\/wp\/v2\/product"}],"about":[{"href":"https:\/\/milicia-pro.com\/index.php\/wp-json\/wp\/v2\/types\/product"}],"replies":[{"embeddable":true,"href":"https:\/\/milicia-pro.com\/index.php\/wp-json\/wp\/v2\/comments?post=34165"}],"wp:featuredmedia":[{"embeddable":true,"href":"https:\/\/milicia-pro.com\/index.php\/wp-json\/wp\/v2\/media\/38342"}],"wp:attachment":[{"href":"https:\/\/milicia-pro.com\/index.php\/wp-json\/wp\/v2\/media?parent=34165"}],"wp:term":[{"taxonomy":"product_brand","embeddable":true,"href":"https:\/\/milicia-pro.com\/index.php\/wp-json\/wp\/v2\/product_brand?post=34165"},{"taxonomy":"product_cat","embeddable":true,"href":"https:\/\/milicia-pro.com\/index.php\/wp-json\/wp\/v2\/product_cat?post=34165"},{"taxonomy":"product_tag","embeddable":true,"href":"https:\/\/milicia-pro.com\/index.php\/wp-json\/wp\/v2\/product_tag?post=34165"}],"curies":[{"name":"wp","href":"https:\/\/api.w.org\/{rel}","templated":true}]}}