{"id":34106,"date":"2022-09-01T18:50:37","date_gmt":"2022-09-01T18:50:37","guid":{"rendered":"https:\/\/milicia-pro.com\/?post_type=product&#038;p=34106"},"modified":"2026-03-16T14:56:33","modified_gmt":"2026-03-16T14:56:33","slug":"cinturao-heavy","status":"publish","type":"product","link":"https:\/\/milicia-pro.com\/index.php\/product\/cinturao-heavy\/","title":{"rendered":"CINTUR\u00c3O HEAVY"},"content":{"rendered":"<p>Cintur\u00e3o Nylok semi-r\u00edgido<\/p>\n<p>Com Triplo fecho de seguran\u00e7a<\/p>\n<p>Ajust\u00e1vel com velcro<\/p>\n","protected":false},"excerpt":{"rendered":"<p>Pre\u00e7o P.V.P.<\/p>\n","protected":false},"featured_media":34129,"comment_status":"open","ping_status":"closed","template":"","meta":{"_monsterinsights_skip_tracking":false,"_monsterinsights_sitenote_active":false,"_monsterinsights_sitenote_note":"","_monsterinsights_sitenote_category":0},"product_brand":[1499],"product_cat":[1153,829,982,1063],"product_tag":[116,118,326],"class_list":{"0":"post-34106","1":"product","2":"type-product","3":"status-publish","4":"has-post-thumbnail","6":"product_brand-milicia","7":"product_cat-cinto","8":"product_cat-marcas","9":"product_cat-milicia","10":"product_cat-vestuario","11":"product_tag-cinto","12":"product_tag-cinturao","13":"product_tag-tatico","15":"first","16":"instock","17":"shipping-taxable","18":"purchasable","19":"product-type-variable"},"aioseo_notices":[],"jetpack_sharing_enabled":true,"_links":{"self":[{"href":"https:\/\/milicia-pro.com\/index.php\/wp-json\/wp\/v2\/product\/34106","targetHints":{"allow":["GET"]}}],"collection":[{"href":"https:\/\/milicia-pro.com\/index.php\/wp-json\/wp\/v2\/product"}],"about":[{"href":"https:\/\/milicia-pro.com\/index.php\/wp-json\/wp\/v2\/types\/product"}],"replies":[{"embeddable":true,"href":"https:\/\/milicia-pro.com\/index.php\/wp-json\/wp\/v2\/comments?post=34106"}],"wp:featuredmedia":[{"embeddable":true,"href":"https:\/\/milicia-pro.com\/index.php\/wp-json\/wp\/v2\/media\/34129"}],"wp:attachment":[{"href":"https:\/\/milicia-pro.com\/index.php\/wp-json\/wp\/v2\/media?parent=34106"}],"wp:term":[{"taxonomy":"product_brand","embeddable":true,"href":"https:\/\/milicia-pro.com\/index.php\/wp-json\/wp\/v2\/product_brand?post=34106"},{"taxonomy":"product_cat","embeddable":true,"href":"https:\/\/milicia-pro.com\/index.php\/wp-json\/wp\/v2\/product_cat?post=34106"},{"taxonomy":"product_tag","embeddable":true,"href":"https:\/\/milicia-pro.com\/index.php\/wp-json\/wp\/v2\/product_tag?post=34106"}],"curies":[{"name":"wp","href":"https:\/\/api.w.org\/{rel}","templated":true}]}}