{"id":34088,"date":"2022-09-01T18:50:12","date_gmt":"2022-09-01T18:50:12","guid":{"rendered":"https:\/\/milicia-pro.com\/?post_type=product&#038;p=34088"},"modified":"2026-02-18T18:26:43","modified_gmt":"2026-02-18T18:26:43","slug":"calca-g3-milicia","status":"publish","type":"product","link":"https:\/\/milicia-pro.com\/index.php\/product\/calca-g3-milicia\/","title":{"rendered":"CAL\u00c7A G3 MILICIA"},"content":{"rendered":"<p>Constru\u00eddas para lidar com qualquer miss\u00e3o, mantendo a apar\u00eancia profissional necess\u00e1ria.<\/p>\n<p>Bolsos especializados, em tecido ventilado,\u00a0 possuem amplo espa\u00e7o para equipamentos de grandes dimens\u00f5es, revistas e todos os outros equipamentos, s\u00e3o 28 bolsos no total.<\/p>\n<p>A ventila\u00e7\u00e3o em v\u00e1rias \u00e1reas importantes torna essas cal\u00e7as ideais para o clima quente.<\/p>\n","protected":false},"excerpt":{"rendered":"<p>Constru\u00eddas para lidar com qualquer miss\u00e3o, mantendo a apar\u00eancia profissional necess\u00e1ria. Bolsos especializados, em tecido ventilado,\u00a0 possuem amplo espa\u00e7o para equipamentos de grandes dimens\u00f5es, revistas e todos os outros equipamentos, s\u00e3o 28 bolsos no total. A ventila\u00e7\u00e3o em v\u00e1rias \u00e1reas importantes torna essas cal\u00e7as ideais para o clima quente.<\/p>\n","protected":false},"featured_media":34128,"comment_status":"open","ping_status":"closed","template":"","meta":{"_monsterinsights_skip_tracking":false,"_monsterinsights_sitenote_active":false,"_monsterinsights_sitenote_note":"","_monsterinsights_sitenote_category":0},"product_brand":[1499],"product_cat":[1078,829,982,1063],"product_tag":[90,1313,325],"class_list":{"0":"post-34088","1":"product","2":"type-product","3":"status-publish","4":"has-post-thumbnail","6":"product_brand-milicia","7":"product_cat-calcas","8":"product_cat-marcas","9":"product_cat-milicia","10":"product_cat-vestuario","11":"product_tag-calca","12":"product_tag-milicia","13":"product_tag-tatica","15":"first","16":"instock","17":"shipping-taxable","18":"purchasable","19":"product-type-variable"},"aioseo_notices":[],"jetpack_sharing_enabled":true,"_links":{"self":[{"href":"https:\/\/milicia-pro.com\/index.php\/wp-json\/wp\/v2\/product\/34088","targetHints":{"allow":["GET"]}}],"collection":[{"href":"https:\/\/milicia-pro.com\/index.php\/wp-json\/wp\/v2\/product"}],"about":[{"href":"https:\/\/milicia-pro.com\/index.php\/wp-json\/wp\/v2\/types\/product"}],"replies":[{"embeddable":true,"href":"https:\/\/milicia-pro.com\/index.php\/wp-json\/wp\/v2\/comments?post=34088"}],"wp:featuredmedia":[{"embeddable":true,"href":"https:\/\/milicia-pro.com\/index.php\/wp-json\/wp\/v2\/media\/34128"}],"wp:attachment":[{"href":"https:\/\/milicia-pro.com\/index.php\/wp-json\/wp\/v2\/media?parent=34088"}],"wp:term":[{"taxonomy":"product_brand","embeddable":true,"href":"https:\/\/milicia-pro.com\/index.php\/wp-json\/wp\/v2\/product_brand?post=34088"},{"taxonomy":"product_cat","embeddable":true,"href":"https:\/\/milicia-pro.com\/index.php\/wp-json\/wp\/v2\/product_cat?post=34088"},{"taxonomy":"product_tag","embeddable":true,"href":"https:\/\/milicia-pro.com\/index.php\/wp-json\/wp\/v2\/product_tag?post=34088"}],"curies":[{"name":"wp","href":"https:\/\/api.w.org\/{rel}","templated":true}]}}