{"id":33985,"date":"2022-09-01T18:48:18","date_gmt":"2022-09-01T18:48:18","guid":{"rendered":"https:\/\/milicia-pro.com\/?post_type=product&#038;p=33985"},"modified":"2023-02-27T21:34:31","modified_gmt":"2023-02-27T21:34:31","slug":"bicicleta-militar-suica-de-bj-1946-gebr","status":"publish","type":"product","link":"https:\/\/milicia-pro.com\/index.php\/product\/bicicleta-militar-suica-de-bj-1946-gebr\/","title":{"rendered":"BICICLETA MILITAR SU\u00cd\u00c7A DE BJ 1946 GEBR."},"content":{"rendered":"<p>BICICLETA MILITAR SU\u00cd\u00c7A DE BJ 1946 GEBR.<\/p>\n","protected":false},"excerpt":{"rendered":"<p>BICICLETA MILITAR SU\u00cd\u00c7A DE BJ 1946 GEBR.<\/p>\n","protected":false},"featured_media":34039,"comment_status":"open","ping_status":"closed","template":"","meta":{"_monsterinsights_skip_tracking":false,"_monsterinsights_sitenote_active":false,"_monsterinsights_sitenote_note":"","_monsterinsights_sitenote_category":0},"product_brand":[],"product_cat":[829,1068,1114,855],"product_tag":[877],"class_list":{"0":"post-33985","1":"product","2":"type-product","3":"status-publish","4":"has-post-thumbnail","6":"product_cat-marcas","7":"product_cat-outdoor","8":"product_cat-outros-acessorios","9":"product_cat-sturm-mil-tec","10":"product_tag-bicicleta","12":"first","13":"onbackorder","14":"shipping-taxable","15":"purchasable","16":"product-type-simple"},"aioseo_notices":[],"jetpack_sharing_enabled":true,"_links":{"self":[{"href":"https:\/\/milicia-pro.com\/index.php\/wp-json\/wp\/v2\/product\/33985","targetHints":{"allow":["GET"]}}],"collection":[{"href":"https:\/\/milicia-pro.com\/index.php\/wp-json\/wp\/v2\/product"}],"about":[{"href":"https:\/\/milicia-pro.com\/index.php\/wp-json\/wp\/v2\/types\/product"}],"replies":[{"embeddable":true,"href":"https:\/\/milicia-pro.com\/index.php\/wp-json\/wp\/v2\/comments?post=33985"}],"wp:featuredmedia":[{"embeddable":true,"href":"https:\/\/milicia-pro.com\/index.php\/wp-json\/wp\/v2\/media\/34039"}],"wp:attachment":[{"href":"https:\/\/milicia-pro.com\/index.php\/wp-json\/wp\/v2\/media?parent=33985"}],"wp:term":[{"taxonomy":"product_brand","embeddable":true,"href":"https:\/\/milicia-pro.com\/index.php\/wp-json\/wp\/v2\/product_brand?post=33985"},{"taxonomy":"product_cat","embeddable":true,"href":"https:\/\/milicia-pro.com\/index.php\/wp-json\/wp\/v2\/product_cat?post=33985"},{"taxonomy":"product_tag","embeddable":true,"href":"https:\/\/milicia-pro.com\/index.php\/wp-json\/wp\/v2\/product_tag?post=33985"}],"curies":[{"name":"wp","href":"https:\/\/api.w.org\/{rel}","templated":true}]}}