{"id":33984,"date":"2022-09-01T18:48:18","date_gmt":"2022-09-01T18:48:18","guid":{"rendered":"https:\/\/milicia-pro.com\/?post_type=product&#038;p=33984"},"modified":"2025-06-04T17:03:05","modified_gmt":"2025-06-04T17:03:05","slug":"periscopio-m-stativ-tripe","status":"publish","type":"product","link":"https:\/\/milicia-pro.com\/index.php\/product\/periscopio-m-stativ-tripe\/","title":{"rendered":"PERISC\u00d3PIO M. STATIV TRIP\u00c9"},"content":{"rendered":"<p>Localizador de artilharia H\u00fangara com trip\u00e9 usado<\/p>\n<p>Os bin\u00f3culos s\u00e3o 10x46mm<\/p>\n<p>Pernas de trip\u00e9 de madeira com ajuste de 91,4cm a 157,4cm<\/p>\n<p>Dobra para 53,9cm x 20,3cm x 17,7cm<\/p>\n","protected":false},"excerpt":{"rendered":"<p>Localizador de artilharia H\u00fangara com trip\u00e9 usado Os bin\u00f3culos s\u00e3o 10x46mm Pernas de trip\u00e9 de madeira com ajuste de 91,4cm a 157,4cm Dobra para 53,9cm x 20,3cm x 17,7cm<\/p>\n","protected":false},"featured_media":34038,"comment_status":"open","ping_status":"closed","template":"","meta":{"_monsterinsights_skip_tracking":false,"_monsterinsights_sitenote_active":false,"_monsterinsights_sitenote_note":"","_monsterinsights_sitenote_category":0},"product_brand":[],"product_cat":[1094,829,1070,855],"product_tag":[881],"class_list":{"0":"post-33984","1":"product","2":"type-product","3":"status-publish","4":"has-post-thumbnail","6":"product_cat-binoculos","7":"product_cat-marcas","8":"product_cat-optica","9":"product_cat-sturm-mil-tec","10":"product_tag-periscopio","12":"first","13":"onbackorder","14":"shipping-taxable","15":"purchasable","16":"product-type-simple"},"aioseo_notices":[],"jetpack_sharing_enabled":true,"_links":{"self":[{"href":"https:\/\/milicia-pro.com\/index.php\/wp-json\/wp\/v2\/product\/33984","targetHints":{"allow":["GET"]}}],"collection":[{"href":"https:\/\/milicia-pro.com\/index.php\/wp-json\/wp\/v2\/product"}],"about":[{"href":"https:\/\/milicia-pro.com\/index.php\/wp-json\/wp\/v2\/types\/product"}],"replies":[{"embeddable":true,"href":"https:\/\/milicia-pro.com\/index.php\/wp-json\/wp\/v2\/comments?post=33984"}],"wp:featuredmedia":[{"embeddable":true,"href":"https:\/\/milicia-pro.com\/index.php\/wp-json\/wp\/v2\/media\/34038"}],"wp:attachment":[{"href":"https:\/\/milicia-pro.com\/index.php\/wp-json\/wp\/v2\/media?parent=33984"}],"wp:term":[{"taxonomy":"product_brand","embeddable":true,"href":"https:\/\/milicia-pro.com\/index.php\/wp-json\/wp\/v2\/product_brand?post=33984"},{"taxonomy":"product_cat","embeddable":true,"href":"https:\/\/milicia-pro.com\/index.php\/wp-json\/wp\/v2\/product_cat?post=33984"},{"taxonomy":"product_tag","embeddable":true,"href":"https:\/\/milicia-pro.com\/index.php\/wp-json\/wp\/v2\/product_tag?post=33984"}],"curies":[{"name":"wp","href":"https:\/\/api.w.org\/{rel}","templated":true}]}}