{"id":33983,"date":"2022-09-01T18:48:18","date_gmt":"2022-09-01T18:48:18","guid":{"rendered":"https:\/\/milicia-pro.com\/?post_type=product&#038;p=33983"},"modified":"2024-11-21T14:17:36","modified_gmt":"2024-11-21T14:17:36","slug":"jerrican-verde-metal-20-litros-combustivel","status":"publish","type":"product","link":"https:\/\/milicia-pro.com\/index.php\/product\/jerrican-verde-metal-20-litros-combustivel\/","title":{"rendered":"JERRICAN VERDE METAL 20 LITROS COMBUSTIVEL"},"content":{"rendered":"<p>Contentor grande que pode transportar todo o tipo de combust\u00edvel (gasolina, gas\u00f3leo, etc).<\/p>\n<ul>\n<li>F\u00e1cil de manusear, possui uma al\u00e7a tripla que facilita o transporte, seja destro ou canhoto<\/li>\n<li>Possibilidade tamb\u00e9m de transport\u00e1-los 2 por 2 e at\u00e9 4 por 4 por uma s\u00f3 pessoa<\/li>\n<li>A tampa \u00e9 herm\u00e9tica com veda\u00e7\u00e3o e segura gra\u00e7as \u00e0 sua abertura por alavanca<\/li>\n<li>Muito pr\u00e1tico, o seu bico \u00e9 largo e extra grosso para facilitar a transfer\u00eancia do l\u00edquido<\/li>\n<\/ul>\n<p>&nbsp;<\/p>\n<ul>\n<li>Altura: 47cm<\/li>\n<li>Largura: 35cm<\/li>\n<li>Espessura: 16cm<\/li>\n<li>Capacidade: 20 litros<\/li>\n<li>Peso vazio: 4,220Kg<\/li>\n<li>Usado e em bom estado<\/li>\n<\/ul>\n","protected":false},"excerpt":{"rendered":"<p>Contentor grande que pode transportar todo o tipo de combust\u00edvel (gasolina, gas\u00f3leo, etc). F\u00e1cil de manusear, possui uma al\u00e7a tripla que facilita o transporte, seja destro ou canhoto Possibilidade tamb\u00e9m de transport\u00e1-los 2 por 2 e at\u00e9 4 por 4 por uma s\u00f3 pessoa A tampa \u00e9 herm\u00e9tica com veda\u00e7\u00e3o e segura gra\u00e7as \u00e0 sua [&#8230;]\n","protected":false},"featured_media":34037,"comment_status":"open","ping_status":"closed","template":"","meta":{"_monsterinsights_skip_tracking":false,"_monsterinsights_sitenote_active":false,"_monsterinsights_sitenote_note":"","_monsterinsights_sitenote_category":0},"product_brand":[],"product_cat":[829,1068,1074,855],"product_tag":[884],"class_list":{"0":"post-33983","1":"product","2":"type-product","3":"status-publish","4":"has-post-thumbnail","6":"product_cat-marcas","7":"product_cat-outdoor","8":"product_cat-sobrevivencia","9":"product_cat-sturm-mil-tec","10":"product_tag-jerrican","12":"first","13":"outofstock","14":"shipping-taxable","15":"purchasable","16":"product-type-variable"},"aioseo_notices":[],"jetpack_sharing_enabled":true,"_links":{"self":[{"href":"https:\/\/milicia-pro.com\/index.php\/wp-json\/wp\/v2\/product\/33983","targetHints":{"allow":["GET"]}}],"collection":[{"href":"https:\/\/milicia-pro.com\/index.php\/wp-json\/wp\/v2\/product"}],"about":[{"href":"https:\/\/milicia-pro.com\/index.php\/wp-json\/wp\/v2\/types\/product"}],"replies":[{"embeddable":true,"href":"https:\/\/milicia-pro.com\/index.php\/wp-json\/wp\/v2\/comments?post=33983"}],"wp:featuredmedia":[{"embeddable":true,"href":"https:\/\/milicia-pro.com\/index.php\/wp-json\/wp\/v2\/media\/34037"}],"wp:attachment":[{"href":"https:\/\/milicia-pro.com\/index.php\/wp-json\/wp\/v2\/media?parent=33983"}],"wp:term":[{"taxonomy":"product_brand","embeddable":true,"href":"https:\/\/milicia-pro.com\/index.php\/wp-json\/wp\/v2\/product_brand?post=33983"},{"taxonomy":"product_cat","embeddable":true,"href":"https:\/\/milicia-pro.com\/index.php\/wp-json\/wp\/v2\/product_cat?post=33983"},{"taxonomy":"product_tag","embeddable":true,"href":"https:\/\/milicia-pro.com\/index.php\/wp-json\/wp\/v2\/product_tag?post=33983"}],"curies":[{"name":"wp","href":"https:\/\/api.w.org\/{rel}","templated":true}]}}