{"id":33979,"date":"2022-09-01T18:48:17","date_gmt":"2022-09-01T18:48:17","guid":{"rendered":"https:\/\/milicia-pro.com\/?post_type=product&#038;p=33979"},"modified":"2023-02-27T21:37:26","modified_gmt":"2023-02-27T21:37:26","slug":"binoculos-bw-8x30-hensoldt","status":"publish","type":"product","link":"https:\/\/milicia-pro.com\/index.php\/product\/binoculos-bw-8x30-hensoldt\/","title":{"rendered":"Bin\u00f3culos BW 8X30 &#8220;HENSOLDT&#8221;"},"content":{"rendered":"<p>A \u00f3tica totalmente multi-revestida oferece alta intensidade de luz para imagens claras e brilhantes, especialmente com pouca luz.<\/p>\n<ul>\n<li>Prisma BaK-4<\/li>\n<li>Blindagem de borracha dur\u00e1vel para desempenho \u00e0 prova de \u00e1gua e resistente a choques<\/li>\n<li>Focagem de ocular \u00fanica, escala de -5 a +5<\/li>\n<li>Os tubos s\u00e3o preenchidos com nitrog\u00eanio para evitar que as lentes emba\u00e7adas obscure\u00e7am a vis\u00e3o<\/li>\n<li>O.V. a 1.000 jardas. \u00c9 370\u00b4<\/li>\n<li>N\u00e3o inclui prote\u00e7\u00e3o de ret\u00edculas ou laser<\/li>\n<li>Amplia\u00e7\u00e3o: 8x<\/li>\n<li>Di\u00e2metro efetivo da lente: 30mm<\/li>\n<li>O.V @ 1.000 jardas: 370\u00b4<\/li>\n<li>Faixa de juste de dioptria: +\/-5dpt<\/li>\n<li>Prismas: BaK-4<\/li>\n<li>Peso: 701,6gr.<\/li>\n<li>Pa\u00eds de Origem: Alemanha<\/li>\n<li>Estado: Usado, em bom estado<\/li>\n<\/ul>\n","protected":false},"excerpt":{"rendered":"<p>A \u00f3tica totalmente multi-revestida oferece alta intensidade de luz para imagens claras e brilhantes, especialmente com pouca luz. Prisma BaK-4 Blindagem de borracha dur\u00e1vel para desempenho \u00e0 prova de \u00e1gua e resistente a choques Focagem de ocular \u00fanica, escala de -5 a +5 Os tubos s\u00e3o preenchidos com nitrog\u00eanio para evitar que as lentes emba\u00e7adas [&#8230;]\n","protected":false},"featured_media":34032,"comment_status":"open","ping_status":"closed","template":"","meta":{"_monsterinsights_skip_tracking":false,"_monsterinsights_sitenote_active":false,"_monsterinsights_sitenote_note":"","_monsterinsights_sitenote_category":0},"product_brand":[],"product_cat":[1094,829,1070,855],"product_tag":[796],"class_list":{"0":"post-33979","1":"product","2":"type-product","3":"status-publish","4":"has-post-thumbnail","6":"product_cat-binoculos","7":"product_cat-marcas","8":"product_cat-optica","9":"product_cat-sturm-mil-tec","10":"product_tag-binoculo","12":"first","13":"onbackorder","14":"shipping-taxable","15":"purchasable","16":"product-type-simple"},"aioseo_notices":[],"jetpack_sharing_enabled":true,"_links":{"self":[{"href":"https:\/\/milicia-pro.com\/index.php\/wp-json\/wp\/v2\/product\/33979","targetHints":{"allow":["GET"]}}],"collection":[{"href":"https:\/\/milicia-pro.com\/index.php\/wp-json\/wp\/v2\/product"}],"about":[{"href":"https:\/\/milicia-pro.com\/index.php\/wp-json\/wp\/v2\/types\/product"}],"replies":[{"embeddable":true,"href":"https:\/\/milicia-pro.com\/index.php\/wp-json\/wp\/v2\/comments?post=33979"}],"wp:featuredmedia":[{"embeddable":true,"href":"https:\/\/milicia-pro.com\/index.php\/wp-json\/wp\/v2\/media\/34032"}],"wp:attachment":[{"href":"https:\/\/milicia-pro.com\/index.php\/wp-json\/wp\/v2\/media?parent=33979"}],"wp:term":[{"taxonomy":"product_brand","embeddable":true,"href":"https:\/\/milicia-pro.com\/index.php\/wp-json\/wp\/v2\/product_brand?post=33979"},{"taxonomy":"product_cat","embeddable":true,"href":"https:\/\/milicia-pro.com\/index.php\/wp-json\/wp\/v2\/product_cat?post=33979"},{"taxonomy":"product_tag","embeddable":true,"href":"https:\/\/milicia-pro.com\/index.php\/wp-json\/wp\/v2\/product_tag?post=33979"}],"curies":[{"name":"wp","href":"https:\/\/api.w.org\/{rel}","templated":true}]}}