{"id":33978,"date":"2022-09-01T18:48:17","date_gmt":"2022-09-01T18:48:17","guid":{"rendered":"https:\/\/milicia-pro.com\/?post_type=product&#038;p=33978"},"modified":"2025-05-05T13:12:43","modified_gmt":"2025-05-05T13:12:43","slug":"rampa-antiderrapante-e-de-tracao-par-77cm-carro","status":"publish","type":"product","link":"https:\/\/milicia-pro.com\/index.php\/product\/rampa-antiderrapante-e-de-tracao-par-77cm-carro\/","title":{"rendered":"RAMPA ANTIDERRAPANTE E DE TRA\u00c7\u00c3O (PAR) 77CM-CARRO"},"content":{"rendered":"<p>Esteira: polipropileno<br \/>\nDimens\u00f5es: 77 x 18 x 1,25 cm<\/p>\n<p>&#8211; um item indispens\u00e1vel para todo propriet\u00e1rio de\u00a0ve\u00edculo<\/p>\n<p>&#8211; dobr\u00e1vel para economizar espa\u00e7o<br \/>\n&#8211; para libert\u00e1-lo de neve, lama ou areia profunda<br \/>\n&#8211; impede que as rodas girem<br \/>\n&#8211; tamb\u00e9m como base pode ser usado para trocar rodas ou instalar correntes de neve<br \/>\n&#8211; para ve\u00edculos at\u00e9 2 toneladas<br \/>\n&#8211; por raz\u00f5es de seguran\u00e7a, n\u00e3o deve haver pessoas por perto quando o aux\u00edlio ao arranque for usado<\/p>\n","protected":false},"excerpt":{"rendered":"<p>Esteira: polipropileno Dimens\u00f5es: 77 x 18 x 1,25 cm &#8211; um item indispens\u00e1vel para todo propriet\u00e1rio de\u00a0ve\u00edculo &#8211; dobr\u00e1vel para economizar espa\u00e7o &#8211; para libert\u00e1-lo de neve, lama ou areia profunda &#8211; impede que as rodas girem &#8211; tamb\u00e9m como base pode ser usado para trocar rodas ou instalar correntes de neve &#8211; para ve\u00edculos [&#8230;]\n","protected":false},"featured_media":34029,"comment_status":"open","ping_status":"closed","template":"","meta":{"_monsterinsights_skip_tracking":false,"_monsterinsights_sitenote_active":false,"_monsterinsights_sitenote_note":"","_monsterinsights_sitenote_category":0},"product_brand":[],"product_cat":[829,1068,1074,855],"product_tag":[889,888],"class_list":{"0":"post-33978","1":"product","2":"type-product","3":"status-publish","4":"has-post-thumbnail","6":"product_cat-marcas","7":"product_cat-outdoor","8":"product_cat-sobrevivencia","9":"product_cat-sturm-mil-tec","10":"product_tag-antiderrapante","11":"product_tag-rampa","13":"first","14":"instock","15":"shipping-taxable","16":"purchasable","17":"product-type-variable"},"aioseo_notices":[],"jetpack_sharing_enabled":true,"_links":{"self":[{"href":"https:\/\/milicia-pro.com\/index.php\/wp-json\/wp\/v2\/product\/33978","targetHints":{"allow":["GET"]}}],"collection":[{"href":"https:\/\/milicia-pro.com\/index.php\/wp-json\/wp\/v2\/product"}],"about":[{"href":"https:\/\/milicia-pro.com\/index.php\/wp-json\/wp\/v2\/types\/product"}],"replies":[{"embeddable":true,"href":"https:\/\/milicia-pro.com\/index.php\/wp-json\/wp\/v2\/comments?post=33978"}],"wp:featuredmedia":[{"embeddable":true,"href":"https:\/\/milicia-pro.com\/index.php\/wp-json\/wp\/v2\/media\/34029"}],"wp:attachment":[{"href":"https:\/\/milicia-pro.com\/index.php\/wp-json\/wp\/v2\/media?parent=33978"}],"wp:term":[{"taxonomy":"product_brand","embeddable":true,"href":"https:\/\/milicia-pro.com\/index.php\/wp-json\/wp\/v2\/product_brand?post=33978"},{"taxonomy":"product_cat","embeddable":true,"href":"https:\/\/milicia-pro.com\/index.php\/wp-json\/wp\/v2\/product_cat?post=33978"},{"taxonomy":"product_tag","embeddable":true,"href":"https:\/\/milicia-pro.com\/index.php\/wp-json\/wp\/v2\/product_tag?post=33978"}],"curies":[{"name":"wp","href":"https:\/\/api.w.org\/{rel}","templated":true}]}}