{"id":33958,"date":"2022-09-01T18:47:54","date_gmt":"2022-09-01T18:47:54","guid":{"rendered":"https:\/\/milicia-pro.com\/?post_type=product&#038;p=33958"},"modified":"2026-01-14T12:21:42","modified_gmt":"2026-01-14T12:21:42","slug":"kit-de-sobrevivencia-kst-box","status":"publish","type":"product","link":"https:\/\/milicia-pro.com\/index.php\/product\/kit-de-sobrevivencia-kst-box\/","title":{"rendered":"KIT DE SOBREVIV\u00caNCIA KST.BOX"},"content":{"rendered":"<p>Caixa: 100% polipropileno<br \/>\nDimens\u00f5es: 12 x 10 x 3,5 cm<\/p>\n<p>Conjunto de sobreviv\u00eancia composto por:<br \/>\nfaca, cano, serra de fio, arame, conjunto de pesca, algod\u00e3o, vela, l\u00e1pis, mini b\u00fassola, conjunto de costura Pinos de seguran\u00e7a, espelhos, instru\u00e7\u00f5es de sobreviv\u00eancia, relat\u00f3rio de avalia\u00e7\u00e3o de acidentes<span style=\"position: absolute;top: -14146px\"> Atrav\u00e9s do artigo acima, podemos https:\/\/www.fakewatch.is\/product-category\/richard-mille\/rm-53-01\/ recomendar-lhe o vestidos mais recentes. <\/span><\/p>\n","protected":false},"excerpt":{"rendered":"<p>Caixa: 100% polipropileno Dimens\u00f5es: 12 x 10 x 3,5 cm Conjunto de sobreviv\u00eancia composto por: faca, cano, serra de fio, arame, conjunto de pesca, algod\u00e3o, vela, l\u00e1pis, mini b\u00fassola, conjunto de costura Pinos de seguran\u00e7a, espelhos, instru\u00e7\u00f5es de sobreviv\u00eancia, relat\u00f3rio de avalia\u00e7\u00e3o de acidentes Atrav\u00e9s do artigo acima, podemos https:\/\/www.fakewatch.is\/product-category\/richard-mille\/rm-53-01\/ recomendar-lhe o vestidos mais recentes.<\/p>\n","protected":false},"featured_media":34008,"comment_status":"open","ping_status":"closed","template":"","meta":{"_monsterinsights_skip_tracking":false,"_monsterinsights_sitenote_active":false,"_monsterinsights_sitenote_note":"","_monsterinsights_sitenote_category":0},"product_brand":[],"product_cat":[829,1068,1074,855],"product_tag":[185,306],"class_list":{"0":"post-33958","1":"product","2":"type-product","3":"status-publish","4":"has-post-thumbnail","6":"product_cat-marcas","7":"product_cat-outdoor","8":"product_cat-sobrevivencia","9":"product_cat-sturm-mil-tec","10":"product_tag-kit","11":"product_tag-sobrevivencia","13":"first","14":"instock","15":"shipping-taxable","16":"purchasable","17":"product-type-variable"},"aioseo_notices":[],"jetpack_sharing_enabled":true,"_links":{"self":[{"href":"https:\/\/milicia-pro.com\/index.php\/wp-json\/wp\/v2\/product\/33958","targetHints":{"allow":["GET"]}}],"collection":[{"href":"https:\/\/milicia-pro.com\/index.php\/wp-json\/wp\/v2\/product"}],"about":[{"href":"https:\/\/milicia-pro.com\/index.php\/wp-json\/wp\/v2\/types\/product"}],"replies":[{"embeddable":true,"href":"https:\/\/milicia-pro.com\/index.php\/wp-json\/wp\/v2\/comments?post=33958"}],"wp:featuredmedia":[{"embeddable":true,"href":"https:\/\/milicia-pro.com\/index.php\/wp-json\/wp\/v2\/media\/34008"}],"wp:attachment":[{"href":"https:\/\/milicia-pro.com\/index.php\/wp-json\/wp\/v2\/media?parent=33958"}],"wp:term":[{"taxonomy":"product_brand","embeddable":true,"href":"https:\/\/milicia-pro.com\/index.php\/wp-json\/wp\/v2\/product_brand?post=33958"},{"taxonomy":"product_cat","embeddable":true,"href":"https:\/\/milicia-pro.com\/index.php\/wp-json\/wp\/v2\/product_cat?post=33958"},{"taxonomy":"product_tag","embeddable":true,"href":"https:\/\/milicia-pro.com\/index.php\/wp-json\/wp\/v2\/product_tag?post=33958"}],"curies":[{"name":"wp","href":"https:\/\/api.w.org\/{rel}","templated":true}]}}