{"id":33951,"date":"2022-09-01T18:47:53","date_gmt":"2022-09-01T18:47:53","guid":{"rendered":"https:\/\/milicia-pro.com\/?post_type=product&#038;p=33951"},"modified":"2025-12-15T17:54:59","modified_gmt":"2025-12-15T17:54:59","slug":"cordino-commando-9mm-15m","status":"publish","type":"product","link":"https:\/\/milicia-pro.com\/index.php\/product\/cordino-commando-9mm-15m\/","title":{"rendered":"CORDINO COMMANDO 9MM (15M)"},"content":{"rendered":"<p>100% polipropileno<\/p>\n<p>Espessura: 9mm<br \/>\nComprimento: 15 m<\/p>\n<p>Aten\u00e7\u00e3o: N\u00e3o serve para escalada!<\/p>\n","protected":false},"excerpt":{"rendered":"<p>100% polipropileno Espessura: 9mm Comprimento: 15 m Aten\u00e7\u00e3o: N\u00e3o serve para escalada!<\/p>\n","protected":false},"featured_media":34000,"comment_status":"open","ping_status":"closed","template":"","meta":{"_monsterinsights_skip_tracking":false,"_monsterinsights_sitenote_active":false,"_monsterinsights_sitenote_note":"","_monsterinsights_sitenote_category":0},"product_brand":[],"product_cat":[1454,1064,829,855],"product_tag":[508,900,857],"class_list":{"0":"post-33951","1":"product","2":"type-product","3":"status-publish","4":"has-post-thumbnail","6":"product_cat-acessorios-equipamentotatico","7":"product_cat-equipamentotatico","8":"product_cat-marcas","9":"product_cat-sturm-mil-tec","10":"product_tag-corda","11":"product_tag-cordao","12":"product_tag-militar","14":"first","15":"instock","16":"shipping-taxable","17":"purchasable","18":"product-type-variable"},"aioseo_notices":[],"jetpack_sharing_enabled":true,"_links":{"self":[{"href":"https:\/\/milicia-pro.com\/index.php\/wp-json\/wp\/v2\/product\/33951","targetHints":{"allow":["GET"]}}],"collection":[{"href":"https:\/\/milicia-pro.com\/index.php\/wp-json\/wp\/v2\/product"}],"about":[{"href":"https:\/\/milicia-pro.com\/index.php\/wp-json\/wp\/v2\/types\/product"}],"replies":[{"embeddable":true,"href":"https:\/\/milicia-pro.com\/index.php\/wp-json\/wp\/v2\/comments?post=33951"}],"wp:featuredmedia":[{"embeddable":true,"href":"https:\/\/milicia-pro.com\/index.php\/wp-json\/wp\/v2\/media\/34000"}],"wp:attachment":[{"href":"https:\/\/milicia-pro.com\/index.php\/wp-json\/wp\/v2\/media?parent=33951"}],"wp:term":[{"taxonomy":"product_brand","embeddable":true,"href":"https:\/\/milicia-pro.com\/index.php\/wp-json\/wp\/v2\/product_brand?post=33951"},{"taxonomy":"product_cat","embeddable":true,"href":"https:\/\/milicia-pro.com\/index.php\/wp-json\/wp\/v2\/product_cat?post=33951"},{"taxonomy":"product_tag","embeddable":true,"href":"https:\/\/milicia-pro.com\/index.php\/wp-json\/wp\/v2\/product_tag?post=33951"}],"curies":[{"name":"wp","href":"https:\/\/api.w.org\/{rel}","templated":true}]}}