{"id":33921,"date":"2022-09-01T18:47:30","date_gmt":"2022-09-01T18:47:30","guid":{"rendered":"https:\/\/milicia-pro.com\/?post_type=product&#038;p=33921"},"modified":"2026-01-14T10:53:53","modified_gmt":"2026-01-14T10:53:53","slug":"espelho-de-sobrevivencia-120x77mm","status":"publish","type":"product","link":"https:\/\/milicia-pro.com\/index.php\/product\/espelho-de-sobrevivencia-120x77mm\/","title":{"rendered":"ESPELHO DE SOBREVIV\u00caNCIA 120X77MM"},"content":{"rendered":"<p>Cord\u00e3o: 100% poli\u00e9ster<br \/>\nDimens\u00f5es: 120 x 77 mm<\/p>\n<p>&#8211; ideal para equipamentos de sobreviv\u00eancia<br \/>\n&#8211; instru\u00e7\u00f5es de uso impressas directamente na parte traseira do espelho<br \/>\n&#8211; revestimento resistente a arranh\u00f5es na superf\u00edcie do espelho<\/p>\n","protected":false},"excerpt":{"rendered":"<p>Cord\u00e3o: 100% poli\u00e9ster Dimens\u00f5es: 120 x 77 mm &#8211; ideal para equipamentos de sobreviv\u00eancia &#8211; instru\u00e7\u00f5es de uso impressas directamente na parte traseira do espelho &#8211; revestimento resistente a arranh\u00f5es na superf\u00edcie do espelho<\/p>\n","protected":false},"featured_media":33991,"comment_status":"open","ping_status":"closed","template":"","meta":{"_monsterinsights_skip_tracking":false,"_monsterinsights_sitenote_active":false,"_monsterinsights_sitenote_note":"","_monsterinsights_sitenote_category":0},"product_brand":[],"product_cat":[829,1068,1074,855],"product_tag":[511,306],"class_list":{"0":"post-33921","1":"product","2":"type-product","3":"status-publish","4":"has-post-thumbnail","6":"product_cat-marcas","7":"product_cat-outdoor","8":"product_cat-sobrevivencia","9":"product_cat-sturm-mil-tec","10":"product_tag-espelho","11":"product_tag-sobrevivencia","13":"first","14":"instock","15":"shipping-taxable","16":"purchasable","17":"product-type-variable"},"aioseo_notices":[],"jetpack_sharing_enabled":true,"_links":{"self":[{"href":"https:\/\/milicia-pro.com\/index.php\/wp-json\/wp\/v2\/product\/33921","targetHints":{"allow":["GET"]}}],"collection":[{"href":"https:\/\/milicia-pro.com\/index.php\/wp-json\/wp\/v2\/product"}],"about":[{"href":"https:\/\/milicia-pro.com\/index.php\/wp-json\/wp\/v2\/types\/product"}],"replies":[{"embeddable":true,"href":"https:\/\/milicia-pro.com\/index.php\/wp-json\/wp\/v2\/comments?post=33921"}],"wp:featuredmedia":[{"embeddable":true,"href":"https:\/\/milicia-pro.com\/index.php\/wp-json\/wp\/v2\/media\/33991"}],"wp:attachment":[{"href":"https:\/\/milicia-pro.com\/index.php\/wp-json\/wp\/v2\/media?parent=33921"}],"wp:term":[{"taxonomy":"product_brand","embeddable":true,"href":"https:\/\/milicia-pro.com\/index.php\/wp-json\/wp\/v2\/product_brand?post=33921"},{"taxonomy":"product_cat","embeddable":true,"href":"https:\/\/milicia-pro.com\/index.php\/wp-json\/wp\/v2\/product_cat?post=33921"},{"taxonomy":"product_tag","embeddable":true,"href":"https:\/\/milicia-pro.com\/index.php\/wp-json\/wp\/v2\/product_tag?post=33921"}],"curies":[{"name":"wp","href":"https:\/\/api.w.org\/{rel}","templated":true}]}}