{"id":33920,"date":"2022-09-01T18:47:30","date_gmt":"2022-09-01T18:47:30","guid":{"rendered":"https:\/\/milicia-pro.com\/?post_type=product&#038;p=33920"},"modified":"2026-03-09T17:09:25","modified_gmt":"2026-03-09T17:09:25","slug":"bussola-com-10-funcoes","status":"publish","type":"product","link":"https:\/\/milicia-pro.com\/index.php\/product\/bussola-com-10-funcoes\/","title":{"rendered":"B\u00daSSOLA COM 10 FUN\u00c7\u00d5ES"},"content":{"rendered":"<p>Dimens\u00f5es fechadas: 8 x 4,5 x 3 cm<\/p>\n<p>B\u00fassola pequena e compacta com 10 fun\u00e7\u00f5es:<\/p>\n<p>&#8211; Medi\u00e7\u00e3o de temperatura<\/p>\n<p>&#8211; Medi\u00e7\u00e3o de humidade<\/p>\n<p>&#8211; Visor \u00f3ptico<br \/>\n&#8211; Lupa<br \/>\n&#8211; R\u00e9gua<br \/>\n&#8211; B\u00fassola<br \/>\n&#8211; Determina\u00e7\u00e3o de inclina\u00e7\u00e3o<br \/>\n&#8211; Luz LED<br \/>\n&#8211; Firestarter<br \/>\n&#8211; Apito de sinal<\/p>\n","protected":false},"excerpt":{"rendered":"<p>Dimens\u00f5es fechadas: 8 x 4,5 x 3 cm B\u00fassola pequena e compacta com 10 fun\u00e7\u00f5es: &#8211; Medi\u00e7\u00e3o de temperatura &#8211; Medi\u00e7\u00e3o de humidade &#8211; Visor \u00f3ptico &#8211; Lupa &#8211; R\u00e9gua &#8211; B\u00fassola &#8211; Determina\u00e7\u00e3o de inclina\u00e7\u00e3o &#8211; Luz LED &#8211; Firestarter &#8211; Apito de sinal<\/p>\n","protected":false},"featured_media":33990,"comment_status":"open","ping_status":"closed","template":"","meta":{"_monsterinsights_skip_tracking":false,"_monsterinsights_sitenote_active":false,"_monsterinsights_sitenote_note":"","_monsterinsights_sitenote_category":0},"product_brand":[],"product_cat":[1476,829,855],"product_tag":[904,905,907,906,886],"class_list":{"0":"post-33920","1":"product","2":"type-product","3":"status-publish","4":"has-post-thumbnail","6":"product_cat-comunicacao-navegacao","7":"product_cat-marcas","8":"product_cat-sturm-mil-tec","9":"product_tag-bussola","10":"product_tag-contar","11":"product_tag-lupa","12":"product_tag-passos","13":"product_tag-regua","15":"first","16":"instock","17":"shipping-taxable","18":"purchasable","19":"product-type-variable"},"aioseo_notices":[],"jetpack_sharing_enabled":true,"_links":{"self":[{"href":"https:\/\/milicia-pro.com\/index.php\/wp-json\/wp\/v2\/product\/33920","targetHints":{"allow":["GET"]}}],"collection":[{"href":"https:\/\/milicia-pro.com\/index.php\/wp-json\/wp\/v2\/product"}],"about":[{"href":"https:\/\/milicia-pro.com\/index.php\/wp-json\/wp\/v2\/types\/product"}],"replies":[{"embeddable":true,"href":"https:\/\/milicia-pro.com\/index.php\/wp-json\/wp\/v2\/comments?post=33920"}],"wp:featuredmedia":[{"embeddable":true,"href":"https:\/\/milicia-pro.com\/index.php\/wp-json\/wp\/v2\/media\/33990"}],"wp:attachment":[{"href":"https:\/\/milicia-pro.com\/index.php\/wp-json\/wp\/v2\/media?parent=33920"}],"wp:term":[{"taxonomy":"product_brand","embeddable":true,"href":"https:\/\/milicia-pro.com\/index.php\/wp-json\/wp\/v2\/product_brand?post=33920"},{"taxonomy":"product_cat","embeddable":true,"href":"https:\/\/milicia-pro.com\/index.php\/wp-json\/wp\/v2\/product_cat?post=33920"},{"taxonomy":"product_tag","embeddable":true,"href":"https:\/\/milicia-pro.com\/index.php\/wp-json\/wp\/v2\/product_tag?post=33920"}],"curies":[{"name":"wp","href":"https:\/\/api.w.org\/{rel}","templated":true}]}}