{"id":33919,"date":"2022-09-01T18:47:30","date_gmt":"2022-09-01T18:47:30","guid":{"rendered":"https:\/\/milicia-pro.com\/?post_type=product&#038;p=33919"},"modified":"2025-03-27T16:39:15","modified_gmt":"2025-03-27T16:39:15","slug":"relogio-bussola","status":"publish","type":"product","link":"https:\/\/milicia-pro.com\/index.php\/product\/relogio-bussola\/","title":{"rendered":"REL\u00d3GIO B\u00daSSOLA"},"content":{"rendered":"<p>Esta B\u00fassola \u00e9 como se fosse um rel\u00f3gio de pulso. Tem \u00edman de alta pot\u00eancia, uma localiza\u00e7\u00e3o r\u00e1pida e est\u00e1vel.<\/p>\n","protected":false},"excerpt":{"rendered":"<p>Esta B\u00fassola \u00e9 como se fosse um rel\u00f3gio de pulso. Tem \u00edman de alta pot\u00eancia, uma localiza\u00e7\u00e3o r\u00e1pida e est\u00e1vel.<\/p>\n","protected":false},"featured_media":33989,"comment_status":"open","ping_status":"closed","template":"","meta":{"_monsterinsights_skip_tracking":false,"_monsterinsights_sitenote_active":false,"_monsterinsights_sitenote_note":"","_monsterinsights_sitenote_category":0},"product_brand":[],"product_cat":[1231,829,1068,855],"product_tag":[904,914],"class_list":{"0":"post-33919","1":"product","2":"type-product","3":"status-publish","4":"has-post-thumbnail","6":"product_cat-bussola","7":"product_cat-marcas","8":"product_cat-outdoor","9":"product_cat-sturm-mil-tec","10":"product_tag-bussola","11":"product_tag-relogio","13":"first","14":"instock","15":"shipping-taxable","16":"purchasable","17":"product-type-variable"},"aioseo_notices":[],"jetpack_sharing_enabled":true,"_links":{"self":[{"href":"https:\/\/milicia-pro.com\/index.php\/wp-json\/wp\/v2\/product\/33919","targetHints":{"allow":["GET"]}}],"collection":[{"href":"https:\/\/milicia-pro.com\/index.php\/wp-json\/wp\/v2\/product"}],"about":[{"href":"https:\/\/milicia-pro.com\/index.php\/wp-json\/wp\/v2\/types\/product"}],"replies":[{"embeddable":true,"href":"https:\/\/milicia-pro.com\/index.php\/wp-json\/wp\/v2\/comments?post=33919"}],"wp:featuredmedia":[{"embeddable":true,"href":"https:\/\/milicia-pro.com\/index.php\/wp-json\/wp\/v2\/media\/33989"}],"wp:attachment":[{"href":"https:\/\/milicia-pro.com\/index.php\/wp-json\/wp\/v2\/media?parent=33919"}],"wp:term":[{"taxonomy":"product_brand","embeddable":true,"href":"https:\/\/milicia-pro.com\/index.php\/wp-json\/wp\/v2\/product_brand?post=33919"},{"taxonomy":"product_cat","embeddable":true,"href":"https:\/\/milicia-pro.com\/index.php\/wp-json\/wp\/v2\/product_cat?post=33919"},{"taxonomy":"product_tag","embeddable":true,"href":"https:\/\/milicia-pro.com\/index.php\/wp-json\/wp\/v2\/product_tag?post=33919"}],"curies":[{"name":"wp","href":"https:\/\/api.w.org\/{rel}","templated":true}]}}