{"id":33897,"date":"2022-09-01T18:47:07","date_gmt":"2022-09-01T18:47:07","guid":{"rendered":"https:\/\/milicia-pro.com\/?post_type=product&#038;p=33897"},"modified":"2026-01-12T18:18:49","modified_gmt":"2026-01-12T18:18:49","slug":"machete-bolo","status":"publish","type":"product","link":"https:\/\/milicia-pro.com\/index.php\/product\/machete-bolo\/","title":{"rendered":"MACHETE BOLO"},"content":{"rendered":"<p>Esta faca \u00e9 adequada para levar para o mato, ideal para ajudar abrir caminho, ajudar a apanhar lenha para o acampamento<\/p>\n<p>L\u00e2mina: a\u00e7o inoxid\u00e1vel<br \/>\nCabo: polipropileno com parte de borracha<br \/>\nBainha: 100% nylon<br \/>\nComprimento da\u00a0l\u00e2mina\u00a0: 30,5 cm<br \/>\nComprimento total: 44 cm<\/p>\n<p>&#8211; l\u00e2mina curva e pontiaguda<br \/>\n&#8211; cabo ergon\u00f3mico<br \/>\n&#8211; ader\u00eancia perfeita gra\u00e7as \u00e0 parte de borracha no cabo<br \/>\n&#8211; incluindo protec\u00e7\u00e3o com fecho e bot\u00e3o<\/p>\n","protected":false},"excerpt":{"rendered":"<p>Esta faca \u00e9 adequada para levar para o mato, ideal para ajudar abrir caminho, ajudar a apanhar lenha para o acampamento L\u00e2mina: a\u00e7o inoxid\u00e1vel Cabo: polipropileno com parte de borracha Bainha: 100% nylon Comprimento da\u00a0l\u00e2mina\u00a0: 30,5 cm Comprimento total: 44 cm &#8211; l\u00e2mina curva e pontiaguda &#8211; cabo ergon\u00f3mico &#8211; ader\u00eancia perfeita gra\u00e7as \u00e0 parte [&#8230;]\n","protected":false},"featured_media":33970,"comment_status":"open","ping_status":"closed","template":"","meta":{"_monsterinsights_skip_tracking":false,"_monsterinsights_sitenote_active":false,"_monsterinsights_sitenote_note":"","_monsterinsights_sitenote_category":0},"product_brand":[],"product_cat":[1065,1100,829,855],"product_tag":[912,147],"class_list":{"0":"post-33897","1":"product","2":"type-product","3":"status-publish","4":"has-post-thumbnail","6":"product_cat-cutelariaferramentas","7":"product_cat-machetes-e-machados","8":"product_cat-marcas","9":"product_cat-sturm-mil-tec","10":"product_tag-cutelaria","11":"product_tag-faca","13":"first","14":"instock","15":"shipping-taxable","16":"purchasable","17":"product-type-variable"},"aioseo_notices":[],"jetpack_sharing_enabled":true,"_links":{"self":[{"href":"https:\/\/milicia-pro.com\/index.php\/wp-json\/wp\/v2\/product\/33897","targetHints":{"allow":["GET"]}}],"collection":[{"href":"https:\/\/milicia-pro.com\/index.php\/wp-json\/wp\/v2\/product"}],"about":[{"href":"https:\/\/milicia-pro.com\/index.php\/wp-json\/wp\/v2\/types\/product"}],"replies":[{"embeddable":true,"href":"https:\/\/milicia-pro.com\/index.php\/wp-json\/wp\/v2\/comments?post=33897"}],"wp:featuredmedia":[{"embeddable":true,"href":"https:\/\/milicia-pro.com\/index.php\/wp-json\/wp\/v2\/media\/33970"}],"wp:attachment":[{"href":"https:\/\/milicia-pro.com\/index.php\/wp-json\/wp\/v2\/media?parent=33897"}],"wp:term":[{"taxonomy":"product_brand","embeddable":true,"href":"https:\/\/milicia-pro.com\/index.php\/wp-json\/wp\/v2\/product_brand?post=33897"},{"taxonomy":"product_cat","embeddable":true,"href":"https:\/\/milicia-pro.com\/index.php\/wp-json\/wp\/v2\/product_cat?post=33897"},{"taxonomy":"product_tag","embeddable":true,"href":"https:\/\/milicia-pro.com\/index.php\/wp-json\/wp\/v2\/product_tag?post=33897"}],"curies":[{"name":"wp","href":"https:\/\/api.w.org\/{rel}","templated":true}]}}