{"id":33896,"date":"2022-09-01T18:47:07","date_gmt":"2022-09-01T18:47:07","guid":{"rendered":"https:\/\/milicia-pro.com\/?post_type=product&#038;p=33896"},"modified":"2026-01-12T18:19:41","modified_gmt":"2026-01-12T18:19:41","slug":"machete-bolo-us-cheide","status":"publish","type":"product","link":"https:\/\/milicia-pro.com\/index.php\/product\/machete-bolo-us-cheide\/","title":{"rendered":"MACHETE BOLO US CHEIDE"},"content":{"rendered":"<p>L\u00e2mina: 100% de a\u00e7o inoxid\u00e1vel<br \/>\nCabo: madeira<br \/>\nRevestimento: 100% nylon<br \/>\nDimens\u00f5es da l\u00e2mina: 25 x 0,05 x 10 cm<br \/>\nComprimento do cabo: 14,5 cm<\/p>\n<p>&#8211; l\u00e2mina com tr\u00eas arestas de corte ou serra diferentes<br \/>\n&#8211; l\u00e2mina lisa e curva, \u00e1spera Dente de serra, dente de serra fino<br \/>\n&#8211; incluindo protec\u00e7\u00e3o de nylon com velcro<\/p>\n","protected":false},"excerpt":{"rendered":"<p>L\u00e2mina: 100% de a\u00e7o inoxid\u00e1vel Cabo: madeira Revestimento: 100% nylon Dimens\u00f5es da l\u00e2mina: 25 x 0,05 x 10 cm Comprimento do cabo: 14,5 cm &#8211; l\u00e2mina com tr\u00eas arestas de corte ou serra diferentes &#8211; l\u00e2mina lisa e curva, \u00e1spera Dente de serra, dente de serra fino &#8211; incluindo protec\u00e7\u00e3o de nylon com velcro<\/p>\n","protected":false},"featured_media":33969,"comment_status":"open","ping_status":"closed","template":"","meta":{"_monsterinsights_skip_tracking":false,"_monsterinsights_sitenote_active":false,"_monsterinsights_sitenote_note":"","_monsterinsights_sitenote_category":0},"product_brand":[],"product_cat":[1065,1100,829,855],"product_tag":[147,913],"class_list":{"0":"post-33896","1":"product","2":"type-product","3":"status-publish","4":"has-post-thumbnail","6":"product_cat-cutelariaferramentas","7":"product_cat-machetes-e-machados","8":"product_cat-marcas","9":"product_cat-sturm-mil-tec","10":"product_tag-faca","11":"product_tag-mato","13":"first","14":"instock","15":"shipping-taxable","16":"purchasable","17":"product-type-variable"},"aioseo_notices":[],"jetpack_sharing_enabled":true,"_links":{"self":[{"href":"https:\/\/milicia-pro.com\/index.php\/wp-json\/wp\/v2\/product\/33896","targetHints":{"allow":["GET"]}}],"collection":[{"href":"https:\/\/milicia-pro.com\/index.php\/wp-json\/wp\/v2\/product"}],"about":[{"href":"https:\/\/milicia-pro.com\/index.php\/wp-json\/wp\/v2\/types\/product"}],"replies":[{"embeddable":true,"href":"https:\/\/milicia-pro.com\/index.php\/wp-json\/wp\/v2\/comments?post=33896"}],"wp:featuredmedia":[{"embeddable":true,"href":"https:\/\/milicia-pro.com\/index.php\/wp-json\/wp\/v2\/media\/33969"}],"wp:attachment":[{"href":"https:\/\/milicia-pro.com\/index.php\/wp-json\/wp\/v2\/media?parent=33896"}],"wp:term":[{"taxonomy":"product_brand","embeddable":true,"href":"https:\/\/milicia-pro.com\/index.php\/wp-json\/wp\/v2\/product_brand?post=33896"},{"taxonomy":"product_cat","embeddable":true,"href":"https:\/\/milicia-pro.com\/index.php\/wp-json\/wp\/v2\/product_cat?post=33896"},{"taxonomy":"product_tag","embeddable":true,"href":"https:\/\/milicia-pro.com\/index.php\/wp-json\/wp\/v2\/product_tag?post=33896"}],"curies":[{"name":"wp","href":"https:\/\/api.w.org\/{rel}","templated":true}]}}