{"id":33895,"date":"2022-09-01T18:47:06","date_gmt":"2022-09-01T18:47:06","guid":{"rendered":"https:\/\/milicia-pro.com\/?post_type=product&#038;p=33895"},"modified":"2025-05-30T10:04:57","modified_gmt":"2025-05-30T10:04:57","slug":"catana-us-c-serra-original","status":"publish","type":"product","link":"https:\/\/milicia-pro.com\/index.php\/product\/catana-us-c-serra-original\/","title":{"rendered":"CATANA US C\/SERRA ORIGINAL"},"content":{"rendered":"<p>L\u00e2mina: liga de a\u00e7o carbono<br \/>\nCabo: 100% ABS pl\u00e1stico<br \/>\nBainha: 100% polietileno<br \/>\nComprimento da\u00a0l\u00e2mina\u00a0: 45,5 cm<br \/>\nComprimento total: 58 cm<\/p>\n","protected":false},"excerpt":{"rendered":"<p>L\u00e2mina: liga de a\u00e7o carbono Cabo: 100% ABS pl\u00e1stico Bainha: 100% polietileno Comprimento da\u00a0l\u00e2mina\u00a0: 45,5 cm Comprimento total: 58 cm<\/p>\n","protected":false},"featured_media":33968,"comment_status":"open","ping_status":"closed","template":"","meta":{"_monsterinsights_skip_tracking":false,"_monsterinsights_sitenote_active":false,"_monsterinsights_sitenote_note":"","_monsterinsights_sitenote_category":0},"product_brand":[],"product_cat":[1065,1100,829,855],"product_tag":[919,147,913],"class_list":{"0":"post-33895","1":"product","2":"type-product","3":"status-publish","4":"has-post-thumbnail","6":"product_cat-cutelariaferramentas","7":"product_cat-machetes-e-machados","8":"product_cat-marcas","9":"product_cat-sturm-mil-tec","10":"product_tag-catana","11":"product_tag-faca","12":"product_tag-mato","14":"first","15":"instock","16":"shipping-taxable","17":"purchasable","18":"product-type-variable"},"aioseo_notices":[],"jetpack_sharing_enabled":true,"_links":{"self":[{"href":"https:\/\/milicia-pro.com\/index.php\/wp-json\/wp\/v2\/product\/33895","targetHints":{"allow":["GET"]}}],"collection":[{"href":"https:\/\/milicia-pro.com\/index.php\/wp-json\/wp\/v2\/product"}],"about":[{"href":"https:\/\/milicia-pro.com\/index.php\/wp-json\/wp\/v2\/types\/product"}],"replies":[{"embeddable":true,"href":"https:\/\/milicia-pro.com\/index.php\/wp-json\/wp\/v2\/comments?post=33895"}],"wp:featuredmedia":[{"embeddable":true,"href":"https:\/\/milicia-pro.com\/index.php\/wp-json\/wp\/v2\/media\/33968"}],"wp:attachment":[{"href":"https:\/\/milicia-pro.com\/index.php\/wp-json\/wp\/v2\/media?parent=33895"}],"wp:term":[{"taxonomy":"product_brand","embeddable":true,"href":"https:\/\/milicia-pro.com\/index.php\/wp-json\/wp\/v2\/product_brand?post=33895"},{"taxonomy":"product_cat","embeddable":true,"href":"https:\/\/milicia-pro.com\/index.php\/wp-json\/wp\/v2\/product_cat?post=33895"},{"taxonomy":"product_tag","embeddable":true,"href":"https:\/\/milicia-pro.com\/index.php\/wp-json\/wp\/v2\/product_tag?post=33895"}],"curies":[{"name":"wp","href":"https:\/\/api.w.org\/{rel}","templated":true}]}}