{"id":33892,"date":"2022-09-01T18:47:06","date_gmt":"2022-09-01T18:47:06","guid":{"rendered":"https:\/\/milicia-pro.com\/?post_type=product&#038;p=33892"},"modified":"2025-08-05T13:48:19","modified_gmt":"2025-08-05T13:48:19","slug":"pa-c-cabo-metal-articulada-od","status":"publish","type":"product","link":"https:\/\/milicia-pro.com\/index.php\/product\/pa-c-cabo-metal-articulada-od\/","title":{"rendered":"P\u00c1 C\/ CABO METAL ARTICULADA OD"},"content":{"rendered":"<p>A\u00e7o<br \/>\nComprimento total: 70 cm<br \/>\nDimens\u00f5es da l\u00e2mina da p\u00e1: 26 x 18 cm<\/p>\n<p>&#8211; A l\u00e2mina da p\u00e1 pode ser travada e dobrada com uma tampa de rosca<br \/>\n&#8211; Cabo de\u00a0p\u00e1 ligeiramente curvado<\/p>\n<p>&#8211; Cabo de p\u00e1 em forma de T<\/p>\n","protected":false},"excerpt":{"rendered":"<p>A\u00e7o Comprimento total: 70 cm Dimens\u00f5es da l\u00e2mina da p\u00e1: 26 x 18 cm &#8211; A l\u00e2mina da p\u00e1 pode ser travada e dobrada com uma tampa de rosca &#8211; Cabo de\u00a0p\u00e1 ligeiramente curvado &#8211; Cabo de p\u00e1 em forma de T<\/p>\n","protected":false},"featured_media":33962,"comment_status":"open","ping_status":"closed","template":"","meta":{"_monsterinsights_skip_tracking":false,"_monsterinsights_sitenote_active":false,"_monsterinsights_sitenote_note":"","_monsterinsights_sitenote_category":0},"product_brand":[],"product_cat":[1065,829,1475,855],"product_tag":[918],"class_list":{"0":"post-33892","1":"product","2":"type-product","3":"status-publish","4":"has-post-thumbnail","6":"product_cat-cutelariaferramentas","7":"product_cat-marcas","8":"product_cat-pa-picareta","9":"product_cat-sturm-mil-tec","10":"product_tag-pa","12":"first","13":"outofstock","14":"shipping-taxable","15":"purchasable","16":"product-type-variable"},"aioseo_notices":[],"jetpack_sharing_enabled":true,"_links":{"self":[{"href":"https:\/\/milicia-pro.com\/index.php\/wp-json\/wp\/v2\/product\/33892","targetHints":{"allow":["GET"]}}],"collection":[{"href":"https:\/\/milicia-pro.com\/index.php\/wp-json\/wp\/v2\/product"}],"about":[{"href":"https:\/\/milicia-pro.com\/index.php\/wp-json\/wp\/v2\/types\/product"}],"replies":[{"embeddable":true,"href":"https:\/\/milicia-pro.com\/index.php\/wp-json\/wp\/v2\/comments?post=33892"}],"wp:featuredmedia":[{"embeddable":true,"href":"https:\/\/milicia-pro.com\/index.php\/wp-json\/wp\/v2\/media\/33962"}],"wp:attachment":[{"href":"https:\/\/milicia-pro.com\/index.php\/wp-json\/wp\/v2\/media?parent=33892"}],"wp:term":[{"taxonomy":"product_brand","embeddable":true,"href":"https:\/\/milicia-pro.com\/index.php\/wp-json\/wp\/v2\/product_brand?post=33892"},{"taxonomy":"product_cat","embeddable":true,"href":"https:\/\/milicia-pro.com\/index.php\/wp-json\/wp\/v2\/product_cat?post=33892"},{"taxonomy":"product_tag","embeddable":true,"href":"https:\/\/milicia-pro.com\/index.php\/wp-json\/wp\/v2\/product_tag?post=33892"}],"curies":[{"name":"wp","href":"https:\/\/api.w.org\/{rel}","templated":true}]}}