{"id":33891,"date":"2022-09-01T18:47:06","date_gmt":"2022-09-01T18:47:06","guid":{"rendered":"https:\/\/milicia-pro.com\/?post_type=product&#038;p=33891"},"modified":"2025-06-05T16:55:29","modified_gmt":"2025-06-05T16:55:29","slug":"pa-c-cabo-madeira-articulada-od","status":"publish","type":"product","link":"https:\/\/milicia-pro.com\/index.php\/product\/pa-c-cabo-madeira-articulada-od\/","title":{"rendered":"P\u00c1 C\/ CABO MADEIRA ARTICULADA OD"},"content":{"rendered":"<p>L\u00e2mina de p\u00e1: 100% a\u00e7o carbono<br \/>\nCabo: madeira<\/p>\n<p>Dimens\u00f5es dobradas: 44,5 x 15,5 x 6,5 cm<br \/>\nDimens\u00f5es abertas: 62,5 x 15,5 x 5,5 cm<br \/>\nL\u00e2mina de p\u00e1: 21,5 x 15,5 cm<\/p>\n<p>&#8211; p\u00e1 dobr\u00e1vel com enxada e folha de p\u00e1<br \/>\n&#8211; uma lateral com ranhuras e uma lisa com p\u00e1<br \/>\n&#8211; incluindo cobertura para a p\u00e1<\/p>\n","protected":false},"excerpt":{"rendered":"<p>L\u00e2mina de p\u00e1: 100% a\u00e7o carbono Cabo: madeira Dimens\u00f5es dobradas: 44,5 x 15,5 x 6,5 cm Dimens\u00f5es abertas: 62,5 x 15,5 x 5,5 cm L\u00e2mina de p\u00e1: 21,5 x 15,5 cm &#8211; p\u00e1 dobr\u00e1vel com enxada e folha de p\u00e1 &#8211; uma lateral com ranhuras e uma lisa com p\u00e1 &#8211; incluindo cobertura para a [&#8230;]\n","protected":false},"featured_media":33960,"comment_status":"open","ping_status":"closed","template":"","meta":{"_monsterinsights_skip_tracking":false,"_monsterinsights_sitenote_active":false,"_monsterinsights_sitenote_note":"","_monsterinsights_sitenote_category":0},"product_brand":[],"product_cat":[1065,829,1475,855],"product_tag":[918],"class_list":{"0":"post-33891","1":"product","2":"type-product","3":"status-publish","4":"has-post-thumbnail","6":"product_cat-cutelariaferramentas","7":"product_cat-marcas","8":"product_cat-pa-picareta","9":"product_cat-sturm-mil-tec","10":"product_tag-pa","12":"first","13":"instock","14":"shipping-taxable","15":"purchasable","16":"product-type-variable"},"aioseo_notices":[],"jetpack_sharing_enabled":true,"_links":{"self":[{"href":"https:\/\/milicia-pro.com\/index.php\/wp-json\/wp\/v2\/product\/33891","targetHints":{"allow":["GET"]}}],"collection":[{"href":"https:\/\/milicia-pro.com\/index.php\/wp-json\/wp\/v2\/product"}],"about":[{"href":"https:\/\/milicia-pro.com\/index.php\/wp-json\/wp\/v2\/types\/product"}],"replies":[{"embeddable":true,"href":"https:\/\/milicia-pro.com\/index.php\/wp-json\/wp\/v2\/comments?post=33891"}],"wp:featuredmedia":[{"embeddable":true,"href":"https:\/\/milicia-pro.com\/index.php\/wp-json\/wp\/v2\/media\/33960"}],"wp:attachment":[{"href":"https:\/\/milicia-pro.com\/index.php\/wp-json\/wp\/v2\/media?parent=33891"}],"wp:term":[{"taxonomy":"product_brand","embeddable":true,"href":"https:\/\/milicia-pro.com\/index.php\/wp-json\/wp\/v2\/product_brand?post=33891"},{"taxonomy":"product_cat","embeddable":true,"href":"https:\/\/milicia-pro.com\/index.php\/wp-json\/wp\/v2\/product_cat?post=33891"},{"taxonomy":"product_tag","embeddable":true,"href":"https:\/\/milicia-pro.com\/index.php\/wp-json\/wp\/v2\/product_tag?post=33891"}],"curies":[{"name":"wp","href":"https:\/\/api.w.org\/{rel}","templated":true}]}}