{"id":33870,"date":"2022-09-01T18:46:42","date_gmt":"2022-09-01T18:46:42","guid":{"rendered":"https:\/\/milicia-pro.com\/?post_type=product&#038;p=33870"},"modified":"2025-06-05T16:56:17","modified_gmt":"2025-06-05T16:56:17","slug":"pa-articulada-c-funda-em-nylon","status":"publish","type":"product","link":"https:\/\/milicia-pro.com\/index.php\/product\/pa-articulada-c-funda-em-nylon\/","title":{"rendered":"P\u00c1 ARTICULADA C\/ FUNDA EM NYLON"},"content":{"rendered":"<p>L\u00e2mina de p\u00e1: 100% a\u00e7o carbono<br \/>\nCabo: alum\u00ednio<\/p>\n<p>Bolsa de nylon : 100% de poli\u00e9ster<\/p>\n<p>Dimens\u00f5es dobradas: 26 x 16 x 7 cm<br \/>\nDimens\u00f5es abertas: 59 x 16 x 6,5 cm<br \/>\nL\u00e2mina de p\u00e1: 22,5 x 16 cm<\/p>\n<p>&#8211; um papel\u00e3o ondulado e um lado liso da l\u00e2mina da p\u00e1<br \/>\n&#8211; a\u00a0l\u00e2mina\u00a0da p\u00e1 \u00e9 mantida no lugar com uma trava girat\u00f3ria<br \/>\n&#8211; incluindo uma bolsa com velcro<\/p>\n","protected":false},"excerpt":{"rendered":"<p>L\u00e2mina de p\u00e1: 100% a\u00e7o carbono Cabo: alum\u00ednio Bolsa de nylon : 100% de poli\u00e9ster Dimens\u00f5es dobradas: 26 x 16 x 7 cm Dimens\u00f5es abertas: 59 x 16 x 6,5 cm L\u00e2mina de p\u00e1: 22,5 x 16 cm &#8211; um papel\u00e3o ondulado e um lado liso da l\u00e2mina da p\u00e1 &#8211; a\u00a0l\u00e2mina\u00a0da p\u00e1 \u00e9 mantida [&#8230;]\n","protected":false},"featured_media":33942,"comment_status":"open","ping_status":"closed","template":"","meta":{"_monsterinsights_skip_tracking":false,"_monsterinsights_sitenote_active":false,"_monsterinsights_sitenote_note":"","_monsterinsights_sitenote_category":0},"product_brand":[],"product_cat":[1065,829,1475,855],"product_tag":[918,916],"class_list":{"0":"post-33870","1":"product","2":"type-product","3":"status-publish","4":"has-post-thumbnail","6":"product_cat-cutelariaferramentas","7":"product_cat-marcas","8":"product_cat-pa-picareta","9":"product_cat-sturm-mil-tec","10":"product_tag-pa","11":"product_tag-porta-pa","13":"first","14":"instock","15":"shipping-taxable","16":"purchasable","17":"product-type-variable"},"aioseo_notices":[],"jetpack_sharing_enabled":true,"_links":{"self":[{"href":"https:\/\/milicia-pro.com\/index.php\/wp-json\/wp\/v2\/product\/33870","targetHints":{"allow":["GET"]}}],"collection":[{"href":"https:\/\/milicia-pro.com\/index.php\/wp-json\/wp\/v2\/product"}],"about":[{"href":"https:\/\/milicia-pro.com\/index.php\/wp-json\/wp\/v2\/types\/product"}],"replies":[{"embeddable":true,"href":"https:\/\/milicia-pro.com\/index.php\/wp-json\/wp\/v2\/comments?post=33870"}],"wp:featuredmedia":[{"embeddable":true,"href":"https:\/\/milicia-pro.com\/index.php\/wp-json\/wp\/v2\/media\/33942"}],"wp:attachment":[{"href":"https:\/\/milicia-pro.com\/index.php\/wp-json\/wp\/v2\/media?parent=33870"}],"wp:term":[{"taxonomy":"product_brand","embeddable":true,"href":"https:\/\/milicia-pro.com\/index.php\/wp-json\/wp\/v2\/product_brand?post=33870"},{"taxonomy":"product_cat","embeddable":true,"href":"https:\/\/milicia-pro.com\/index.php\/wp-json\/wp\/v2\/product_cat?post=33870"},{"taxonomy":"product_tag","embeddable":true,"href":"https:\/\/milicia-pro.com\/index.php\/wp-json\/wp\/v2\/product_tag?post=33870"}],"curies":[{"name":"wp","href":"https:\/\/api.w.org\/{rel}","templated":true}]}}