{"id":33869,"date":"2022-09-01T18:46:41","date_gmt":"2022-09-01T18:46:41","guid":{"rendered":"https:\/\/milicia-pro.com\/?post_type=product&#038;p=33869"},"modified":"2025-06-05T16:57:37","modified_gmt":"2025-06-05T16:57:37","slug":"pa-articulada-c-serra-funda-plastico","status":"publish","type":"product","link":"https:\/\/milicia-pro.com\/index.php\/product\/pa-articulada-c-serra-funda-plastico\/","title":{"rendered":"P\u00c1 ARTICULADA C\/ SERRA FUNDA PL\u00c1STICO"},"content":{"rendered":"<p>L\u00e2mina de p\u00e1: a\u00e7o carbono<br \/>\nCabo: alum\u00ednio<br \/>\nBolso da p\u00e1: pl\u00e1stico<br \/>\nDimens\u00f5es da l\u00e2mina da p\u00e1: 21 x 15 cm<\/p>\n<p>Espessura da p\u00e1 : 2,5 mm<br \/>\nComprimento\u00a0total\u00a0: 59 cm<br \/>\nComprimento dobrado: 23,5 cm<\/p>\n<p>&#8211; l\u00e2mina com dente de serra<br \/>\n&#8211; incluindo bolso com p\u00e1<br \/>\n&#8211; pode ser dobrada 3 vezes<\/p>\n","protected":false},"excerpt":{"rendered":"<p>L\u00e2mina de p\u00e1: a\u00e7o carbono Cabo: alum\u00ednio Bolso da p\u00e1: pl\u00e1stico Dimens\u00f5es da l\u00e2mina da p\u00e1: 21 x 15 cm Espessura da p\u00e1 : 2,5 mm Comprimento\u00a0total\u00a0: 59 cm Comprimento dobrado: 23,5 cm &#8211; l\u00e2mina com dente de serra &#8211; incluindo bolso com p\u00e1 &#8211; pode ser dobrada 3 vezes<\/p>\n","protected":false},"featured_media":33938,"comment_status":"open","ping_status":"closed","template":"","meta":{"_monsterinsights_skip_tracking":false,"_monsterinsights_sitenote_active":false,"_monsterinsights_sitenote_note":"","_monsterinsights_sitenote_category":0},"product_brand":[],"product_cat":[1065,829,1475,855],"product_tag":[918,916],"class_list":{"0":"post-33869","1":"product","2":"type-product","3":"status-publish","4":"has-post-thumbnail","6":"product_cat-cutelariaferramentas","7":"product_cat-marcas","8":"product_cat-pa-picareta","9":"product_cat-sturm-mil-tec","10":"product_tag-pa","11":"product_tag-porta-pa","13":"first","14":"instock","15":"shipping-taxable","16":"purchasable","17":"product-type-variable"},"aioseo_notices":[],"jetpack_sharing_enabled":true,"_links":{"self":[{"href":"https:\/\/milicia-pro.com\/index.php\/wp-json\/wp\/v2\/product\/33869","targetHints":{"allow":["GET"]}}],"collection":[{"href":"https:\/\/milicia-pro.com\/index.php\/wp-json\/wp\/v2\/product"}],"about":[{"href":"https:\/\/milicia-pro.com\/index.php\/wp-json\/wp\/v2\/types\/product"}],"replies":[{"embeddable":true,"href":"https:\/\/milicia-pro.com\/index.php\/wp-json\/wp\/v2\/comments?post=33869"}],"wp:featuredmedia":[{"embeddable":true,"href":"https:\/\/milicia-pro.com\/index.php\/wp-json\/wp\/v2\/media\/33938"}],"wp:attachment":[{"href":"https:\/\/milicia-pro.com\/index.php\/wp-json\/wp\/v2\/media?parent=33869"}],"wp:term":[{"taxonomy":"product_brand","embeddable":true,"href":"https:\/\/milicia-pro.com\/index.php\/wp-json\/wp\/v2\/product_brand?post=33869"},{"taxonomy":"product_cat","embeddable":true,"href":"https:\/\/milicia-pro.com\/index.php\/wp-json\/wp\/v2\/product_cat?post=33869"},{"taxonomy":"product_tag","embeddable":true,"href":"https:\/\/milicia-pro.com\/index.php\/wp-json\/wp\/v2\/product_tag?post=33869"}],"curies":[{"name":"wp","href":"https:\/\/api.w.org\/{rel}","templated":true}]}}