{"id":33868,"date":"2022-09-01T18:46:41","date_gmt":"2022-09-01T18:46:41","guid":{"rendered":"https:\/\/milicia-pro.com\/?post_type=product&#038;p=33868"},"modified":"2026-02-18T18:28:28","modified_gmt":"2026-02-18T18:28:28","slug":"pa-articulada-c-serra-e-funda-nylon","status":"publish","type":"product","link":"https:\/\/milicia-pro.com\/index.php\/product\/pa-articulada-c-serra-e-funda-nylon\/","title":{"rendered":"PA ARTICULADA C\/SERRA E FUNDA NYLON"},"content":{"rendered":"<p>P\u00e1:<br \/>\nCobertura em a\u00e7o carbono : nylon 100%<br \/>\nDimens\u00f5es abertas: 56 cm<br \/>\nDimens\u00f5es abertas: 24 cm<br \/>\nL\u00e2mina de p\u00e1: 21 x 15 cm<\/p>\n<p>&#8211; com arestas de serra<br \/>\n&#8211; incluindo a tampa da p\u00e1<\/p>\n","protected":false},"excerpt":{"rendered":"<p>P\u00e1: Cobertura em a\u00e7o carbono : nylon 100% Dimens\u00f5es abertas: 56 cm Dimens\u00f5es abertas: 24 cm L\u00e2mina de p\u00e1: 21 x 15 cm &#8211; com arestas de serra &#8211; incluindo a tampa da p\u00e1<\/p>\n","protected":false},"featured_media":33937,"comment_status":"open","ping_status":"closed","template":"","meta":{"_monsterinsights_skip_tracking":false,"_monsterinsights_sitenote_active":false,"_monsterinsights_sitenote_note":"","_monsterinsights_sitenote_category":0},"product_brand":[1596],"product_cat":[1065,1475,855],"product_tag":[918],"class_list":{"0":"post-33868","1":"product","2":"type-product","3":"status-publish","4":"has-post-thumbnail","6":"product_brand-sturm-mil-tec","7":"product_cat-cutelariaferramentas","8":"product_cat-pa-picareta","9":"product_cat-sturm-mil-tec","10":"product_tag-pa","12":"first","13":"instock","14":"shipping-taxable","15":"purchasable","16":"product-type-variable"},"aioseo_notices":[],"jetpack_sharing_enabled":true,"_links":{"self":[{"href":"https:\/\/milicia-pro.com\/index.php\/wp-json\/wp\/v2\/product\/33868","targetHints":{"allow":["GET"]}}],"collection":[{"href":"https:\/\/milicia-pro.com\/index.php\/wp-json\/wp\/v2\/product"}],"about":[{"href":"https:\/\/milicia-pro.com\/index.php\/wp-json\/wp\/v2\/types\/product"}],"replies":[{"embeddable":true,"href":"https:\/\/milicia-pro.com\/index.php\/wp-json\/wp\/v2\/comments?post=33868"}],"wp:featuredmedia":[{"embeddable":true,"href":"https:\/\/milicia-pro.com\/index.php\/wp-json\/wp\/v2\/media\/33937"}],"wp:attachment":[{"href":"https:\/\/milicia-pro.com\/index.php\/wp-json\/wp\/v2\/media?parent=33868"}],"wp:term":[{"taxonomy":"product_brand","embeddable":true,"href":"https:\/\/milicia-pro.com\/index.php\/wp-json\/wp\/v2\/product_brand?post=33868"},{"taxonomy":"product_cat","embeddable":true,"href":"https:\/\/milicia-pro.com\/index.php\/wp-json\/wp\/v2\/product_cat?post=33868"},{"taxonomy":"product_tag","embeddable":true,"href":"https:\/\/milicia-pro.com\/index.php\/wp-json\/wp\/v2\/product_tag?post=33868"}],"curies":[{"name":"wp","href":"https:\/\/api.w.org\/{rel}","templated":true}]}}