{"id":33867,"date":"2022-09-01T18:46:41","date_gmt":"2022-09-01T18:46:41","guid":{"rendered":"https:\/\/milicia-pro.com\/?post_type=product&#038;p=33867"},"modified":"2025-06-05T17:02:05","modified_gmt":"2025-06-05T17:02:05","slug":"pa-de-campanha-dobravel-verde","status":"publish","type":"product","link":"https:\/\/milicia-pro.com\/index.php\/product\/pa-de-campanha-dobravel-verde\/","title":{"rendered":"PA DE CAMPANHA DOBRAVEL VERDE"},"content":{"rendered":"<p>L\u00e2mina de p\u00e1: 100% a\u00e7o carbono<br \/>\nPunho: 100% de<br \/>\nCabo de alum\u00ednio : 100% de espuma de EVA<\/p>\n<p>Dimens\u00f5es dobradas: 24,5 x 16,5 x 6,5 cm<br \/>\nDimens\u00f5es abertas: 60 x 16,5 x 5,5 cm<br \/>\nL\u00e2mina de p\u00e1: 22,5 x 16,5 cm<\/p>\n<p>&#8211; um lado ondulado e um lado liso da p\u00e1<br \/>\n&#8211; p\u00e1 dobr\u00e1vel pr\u00e1tica e pr\u00e1tica<br \/>\n&#8211; com uma cobertura robusta<\/p>\n","protected":false},"excerpt":{"rendered":"<p>L\u00e2mina de p\u00e1: 100% a\u00e7o carbono Punho: 100% de Cabo de alum\u00ednio : 100% de espuma de EVA Dimens\u00f5es dobradas: 24,5 x 16,5 x 6,5 cm Dimens\u00f5es abertas: 60 x 16,5 x 5,5 cm L\u00e2mina de p\u00e1: 22,5 x 16,5 cm &#8211; um lado ondulado e um lado liso da p\u00e1 &#8211; p\u00e1 dobr\u00e1vel pr\u00e1tica [&#8230;]\n","protected":false},"featured_media":33936,"comment_status":"open","ping_status":"closed","template":"","meta":{"_monsterinsights_skip_tracking":false,"_monsterinsights_sitenote_active":false,"_monsterinsights_sitenote_note":"","_monsterinsights_sitenote_category":0},"product_brand":[],"product_cat":[1065,829,1475,855],"product_tag":[918],"class_list":{"0":"post-33867","1":"product","2":"type-product","3":"status-publish","4":"has-post-thumbnail","6":"product_cat-cutelariaferramentas","7":"product_cat-marcas","8":"product_cat-pa-picareta","9":"product_cat-sturm-mil-tec","10":"product_tag-pa","12":"first","13":"instock","14":"shipping-taxable","15":"purchasable","16":"product-type-variable"},"aioseo_notices":[],"jetpack_sharing_enabled":true,"_links":{"self":[{"href":"https:\/\/milicia-pro.com\/index.php\/wp-json\/wp\/v2\/product\/33867","targetHints":{"allow":["GET"]}}],"collection":[{"href":"https:\/\/milicia-pro.com\/index.php\/wp-json\/wp\/v2\/product"}],"about":[{"href":"https:\/\/milicia-pro.com\/index.php\/wp-json\/wp\/v2\/types\/product"}],"replies":[{"embeddable":true,"href":"https:\/\/milicia-pro.com\/index.php\/wp-json\/wp\/v2\/comments?post=33867"}],"wp:featuredmedia":[{"embeddable":true,"href":"https:\/\/milicia-pro.com\/index.php\/wp-json\/wp\/v2\/media\/33936"}],"wp:attachment":[{"href":"https:\/\/milicia-pro.com\/index.php\/wp-json\/wp\/v2\/media?parent=33867"}],"wp:term":[{"taxonomy":"product_brand","embeddable":true,"href":"https:\/\/milicia-pro.com\/index.php\/wp-json\/wp\/v2\/product_brand?post=33867"},{"taxonomy":"product_cat","embeddable":true,"href":"https:\/\/milicia-pro.com\/index.php\/wp-json\/wp\/v2\/product_cat?post=33867"},{"taxonomy":"product_tag","embeddable":true,"href":"https:\/\/milicia-pro.com\/index.php\/wp-json\/wp\/v2\/product_tag?post=33867"}],"curies":[{"name":"wp","href":"https:\/\/api.w.org\/{rel}","templated":true}]}}