{"id":33866,"date":"2022-09-01T18:46:41","date_gmt":"2022-09-01T18:46:41","guid":{"rendered":"https:\/\/milicia-pro.com\/?post_type=product&#038;p=33866"},"modified":"2026-01-12T18:17:52","modified_gmt":"2026-01-12T18:17:52","slug":"machado-c-chaves-e-corta-cintos","status":"publish","type":"product","link":"https:\/\/milicia-pro.com\/index.php\/product\/machado-c-chaves-e-corta-cintos\/","title":{"rendered":"MACHADO C\/ CHAVES E CORTA CINTOS"},"content":{"rendered":"<p>Al\u00e7a de a\u00e7o 3CR13 :<br \/>\nBolso da cabe\u00e7a de pl\u00e1stico ABS : 100%<br \/>\nComprimento da l\u00e2mina de nylon : 11,5 cm<br \/>\nComprimento total: 32,5 cm<\/p>\n<p>&#8211; Incluindo gancho de rasgo<\/p>\n<p>&#8211; O bolso da cabe\u00e7a pode ser preso a um cinto<\/p>\n","protected":false},"excerpt":{"rendered":"<p>Al\u00e7a de a\u00e7o 3CR13 : Bolso da cabe\u00e7a de pl\u00e1stico ABS : 100% Comprimento da l\u00e2mina de nylon : 11,5 cm Comprimento total: 32,5 cm &#8211; Incluindo gancho de rasgo &#8211; O bolso da cabe\u00e7a pode ser preso a um cinto<\/p>\n","protected":false},"featured_media":33934,"comment_status":"open","ping_status":"closed","template":"","meta":{"_monsterinsights_skip_tracking":false,"_monsterinsights_sitenote_active":false,"_monsterinsights_sitenote_note":"","_monsterinsights_sitenote_category":0},"product_brand":[],"product_cat":[1065,1100,829,855],"product_tag":[753,750],"class_list":{"0":"post-33866","1":"product","2":"type-product","3":"status-publish","4":"has-post-thumbnail","6":"product_cat-cutelariaferramentas","7":"product_cat-machetes-e-machados","8":"product_cat-marcas","9":"product_cat-sturm-mil-tec","10":"product_tag-corta-cinto","11":"product_tag-machado","13":"first","14":"instock","15":"shipping-taxable","16":"purchasable","17":"product-type-variable"},"aioseo_notices":[],"jetpack_sharing_enabled":true,"_links":{"self":[{"href":"https:\/\/milicia-pro.com\/index.php\/wp-json\/wp\/v2\/product\/33866","targetHints":{"allow":["GET"]}}],"collection":[{"href":"https:\/\/milicia-pro.com\/index.php\/wp-json\/wp\/v2\/product"}],"about":[{"href":"https:\/\/milicia-pro.com\/index.php\/wp-json\/wp\/v2\/types\/product"}],"replies":[{"embeddable":true,"href":"https:\/\/milicia-pro.com\/index.php\/wp-json\/wp\/v2\/comments?post=33866"}],"wp:featuredmedia":[{"embeddable":true,"href":"https:\/\/milicia-pro.com\/index.php\/wp-json\/wp\/v2\/media\/33934"}],"wp:attachment":[{"href":"https:\/\/milicia-pro.com\/index.php\/wp-json\/wp\/v2\/media?parent=33866"}],"wp:term":[{"taxonomy":"product_brand","embeddable":true,"href":"https:\/\/milicia-pro.com\/index.php\/wp-json\/wp\/v2\/product_brand?post=33866"},{"taxonomy":"product_cat","embeddable":true,"href":"https:\/\/milicia-pro.com\/index.php\/wp-json\/wp\/v2\/product_cat?post=33866"},{"taxonomy":"product_tag","embeddable":true,"href":"https:\/\/milicia-pro.com\/index.php\/wp-json\/wp\/v2\/product_tag?post=33866"}],"curies":[{"name":"wp","href":"https:\/\/api.w.org\/{rel}","templated":true}]}}