{"id":33865,"date":"2022-09-01T18:46:41","date_gmt":"2022-09-01T18:46:41","guid":{"rendered":"https:\/\/milicia-pro.com\/?post_type=product&#038;p=33865"},"modified":"2025-03-27T11:45:18","modified_gmt":"2025-03-27T11:45:18","slug":"machado-emergencia-c-funda-laranja","status":"publish","type":"product","link":"https:\/\/milicia-pro.com\/index.php\/product\/machado-emergencia-c-funda-laranja\/","title":{"rendered":"MACHADO EMERG\u00caNCIA C\/ FUNDA-LARANJA"},"content":{"rendered":"<p style=\"margin-bottom: .0001pt\">Cabe\u00e7a do machado: a\u00e7o carbono<br \/>\nCabo: pl\u00e1stico, borracha<br \/>\nComprimento total\u00a0: 36,5 cm<\/p>\n<p style=\"margin: 0cm;margin-bottom: .0001pt\">Largura da l\u00e2mina: 9,5 cm<\/p>\n<p>&#8211; pe\u00e7a de aperto emborrachada<br \/>\n&#8211; formato pr\u00e1tico para um trabalho eficaz<\/p>\n","protected":false},"excerpt":{"rendered":"<p>Cabe\u00e7a do machado: a\u00e7o carbono Cabo: pl\u00e1stico, borracha Comprimento total\u00a0: 36,5 cm Largura da l\u00e2mina: 9,5 cm &#8211; pe\u00e7a de aperto emborrachada &#8211; formato pr\u00e1tico para um trabalho eficaz<\/p>\n","protected":false},"featured_media":33933,"comment_status":"open","ping_status":"closed","template":"","meta":{"_monsterinsights_skip_tracking":false,"_monsterinsights_sitenote_active":false,"_monsterinsights_sitenote_note":"","_monsterinsights_sitenote_category":0},"product_brand":[],"product_cat":[1065,1100,829,855],"product_tag":[145,749,750],"class_list":{"0":"post-33865","1":"product","2":"type-product","3":"status-publish","4":"has-post-thumbnail","6":"product_cat-cutelariaferramentas","7":"product_cat-machetes-e-machados","8":"product_cat-marcas","9":"product_cat-sturm-mil-tec","10":"product_tag-emergencia","11":"product_tag-lenha","12":"product_tag-machado","14":"first","15":"instock","16":"shipping-taxable","17":"purchasable","18":"product-type-variable"},"aioseo_notices":[],"jetpack_sharing_enabled":true,"_links":{"self":[{"href":"https:\/\/milicia-pro.com\/index.php\/wp-json\/wp\/v2\/product\/33865","targetHints":{"allow":["GET"]}}],"collection":[{"href":"https:\/\/milicia-pro.com\/index.php\/wp-json\/wp\/v2\/product"}],"about":[{"href":"https:\/\/milicia-pro.com\/index.php\/wp-json\/wp\/v2\/types\/product"}],"replies":[{"embeddable":true,"href":"https:\/\/milicia-pro.com\/index.php\/wp-json\/wp\/v2\/comments?post=33865"}],"wp:featuredmedia":[{"embeddable":true,"href":"https:\/\/milicia-pro.com\/index.php\/wp-json\/wp\/v2\/media\/33933"}],"wp:attachment":[{"href":"https:\/\/milicia-pro.com\/index.php\/wp-json\/wp\/v2\/media?parent=33865"}],"wp:term":[{"taxonomy":"product_brand","embeddable":true,"href":"https:\/\/milicia-pro.com\/index.php\/wp-json\/wp\/v2\/product_brand?post=33865"},{"taxonomy":"product_cat","embeddable":true,"href":"https:\/\/milicia-pro.com\/index.php\/wp-json\/wp\/v2\/product_cat?post=33865"},{"taxonomy":"product_tag","embeddable":true,"href":"https:\/\/milicia-pro.com\/index.php\/wp-json\/wp\/v2\/product_tag?post=33865"}],"curies":[{"name":"wp","href":"https:\/\/api.w.org\/{rel}","templated":true}]}}