{"id":33864,"date":"2022-09-01T18:46:41","date_gmt":"2022-09-01T18:46:41","guid":{"rendered":"https:\/\/milicia-pro.com\/?post_type=product&#038;p=33864"},"modified":"2026-04-21T16:53:15","modified_gmt":"2026-04-21T16:53:15","slug":"machado-paracord-axt-c-funda","status":"publish","type":"product","link":"https:\/\/milicia-pro.com\/index.php\/product\/machado-paracord-axt-c-funda\/","title":{"rendered":"MACHADO PARACORD AXT C\/ FUNDA"},"content":{"rendered":"<p>Bolso principal em a\u00e7o inoxid\u00e1vel : 100% nylon<\/p>\n<p>Paracord comprimento da corda: 280 cm<br \/>\nComprimento da l\u00e2mina: 6,6 cm<br \/>\nComprimento total: 28 cm<\/p>\n<p>&#8211; constru\u00e7\u00e3o de machado muito plana, portanto f\u00e1cil de arrumar<br \/>\n&#8211; lado da l\u00e2mina ideal para cortar madeira ou para pequenos trabalhos de jardim<br \/>\n&#8211; espinhos apontados por outro lado<br \/>\n&#8211; corda paracord no cabo para uma boa ader\u00eancia<\/p>\n<p>&#8211; inclui protec\u00e7\u00e3o com encaixes<\/p>\n","protected":false},"excerpt":{"rendered":"<p>Bolso principal em a\u00e7o inoxid\u00e1vel : 100% nylon Paracord comprimento da corda: 280 cm Comprimento da l\u00e2mina: 6,6 cm Comprimento total: 28 cm &#8211; constru\u00e7\u00e3o de machado muito plana, portanto f\u00e1cil de arrumar &#8211; lado da l\u00e2mina ideal para cortar madeira ou para pequenos trabalhos de jardim &#8211; espinhos apontados por outro lado &#8211; corda [&#8230;]\n","protected":false},"featured_media":33931,"comment_status":"open","ping_status":"closed","template":"","meta":{"_monsterinsights_skip_tracking":false,"_monsterinsights_sitenote_active":false,"_monsterinsights_sitenote_note":"","_monsterinsights_sitenote_category":0},"product_brand":[],"product_cat":[1065,1100,829,855],"product_tag":[749,750,730],"class_list":{"0":"post-33864","1":"product","2":"type-product","3":"status-publish","4":"has-post-thumbnail","6":"product_cat-cutelariaferramentas","7":"product_cat-machetes-e-machados","8":"product_cat-marcas","9":"product_cat-sturm-mil-tec","10":"product_tag-lenha","11":"product_tag-machado","12":"product_tag-montanha","14":"first","15":"instock","16":"shipping-taxable","17":"purchasable","18":"product-type-variable"},"aioseo_notices":[],"jetpack_sharing_enabled":true,"_links":{"self":[{"href":"https:\/\/milicia-pro.com\/index.php\/wp-json\/wp\/v2\/product\/33864","targetHints":{"allow":["GET"]}}],"collection":[{"href":"https:\/\/milicia-pro.com\/index.php\/wp-json\/wp\/v2\/product"}],"about":[{"href":"https:\/\/milicia-pro.com\/index.php\/wp-json\/wp\/v2\/types\/product"}],"replies":[{"embeddable":true,"href":"https:\/\/milicia-pro.com\/index.php\/wp-json\/wp\/v2\/comments?post=33864"}],"wp:featuredmedia":[{"embeddable":true,"href":"https:\/\/milicia-pro.com\/index.php\/wp-json\/wp\/v2\/media\/33931"}],"wp:attachment":[{"href":"https:\/\/milicia-pro.com\/index.php\/wp-json\/wp\/v2\/media?parent=33864"}],"wp:term":[{"taxonomy":"product_brand","embeddable":true,"href":"https:\/\/milicia-pro.com\/index.php\/wp-json\/wp\/v2\/product_brand?post=33864"},{"taxonomy":"product_cat","embeddable":true,"href":"https:\/\/milicia-pro.com\/index.php\/wp-json\/wp\/v2\/product_cat?post=33864"},{"taxonomy":"product_tag","embeddable":true,"href":"https:\/\/milicia-pro.com\/index.php\/wp-json\/wp\/v2\/product_tag?post=33864"}],"curies":[{"name":"wp","href":"https:\/\/api.w.org\/{rel}","templated":true}]}}