{"id":33863,"date":"2022-09-01T18:46:41","date_gmt":"2022-09-01T18:46:41","guid":{"rendered":"https:\/\/milicia-pro.com\/?post_type=product&#038;p=33863"},"modified":"2025-09-29T10:48:31","modified_gmt":"2025-09-29T10:48:31","slug":"machado-e-pe-de-cabra-c-cordino","status":"publish","type":"product","link":"https:\/\/milicia-pro.com\/index.php\/product\/machado-e-pe-de-cabra-c-cordino\/","title":{"rendered":"MACHADO E P\u00c9 DE CABRA C\/CORDINO"},"content":{"rendered":"<p>Cabe\u00e7a do machado: al\u00e7a de paracord em a\u00e7o 3CR13MoV<br \/>\n: 100%<br \/>\nbolso de cabe\u00e7a em\u00a0nylon\u00a0: 100% de<br \/>\ncomprimento da l\u00e2mina de\u00a0nylon\u00a0: 11 cm ou 6 cm de<br \/>\ncomprimento total: 36 cm<br \/>\n&#8211; machado preto, muito chato (4 mm de espessura)<br \/>\n&#8211; man\u00edpulo com paracord para maior ader\u00eancia e estabilidade<br \/>\n&#8211; incluindo bainha de nylon com bot\u00e3o de press\u00e3o<\/p>\n","protected":false},"excerpt":{"rendered":"<p>Cabe\u00e7a do machado: al\u00e7a de paracord em a\u00e7o 3CR13MoV : 100% bolso de cabe\u00e7a em\u00a0nylon\u00a0: 100% de comprimento da l\u00e2mina de\u00a0nylon\u00a0: 11 cm ou 6 cm de comprimento total: 36 cm &#8211; machado preto, muito chato (4 mm de espessura) &#8211; man\u00edpulo com paracord para maior ader\u00eancia e estabilidade &#8211; incluindo bainha de nylon com [&#8230;]\n","protected":false},"featured_media":33928,"comment_status":"open","ping_status":"closed","template":"","meta":{"_monsterinsights_skip_tracking":false,"_monsterinsights_sitenote_active":false,"_monsterinsights_sitenote_note":"","_monsterinsights_sitenote_category":0},"product_brand":[],"product_cat":[1065,1100,829,855],"product_tag":[750,752],"class_list":{"0":"post-33863","1":"product","2":"type-product","3":"status-publish","4":"has-post-thumbnail","6":"product_cat-cutelariaferramentas","7":"product_cat-machetes-e-machados","8":"product_cat-marcas","9":"product_cat-sturm-mil-tec","10":"product_tag-machado","11":"product_tag-pe-de-cabra","13":"first","14":"instock","15":"shipping-taxable","16":"purchasable","17":"product-type-variable"},"aioseo_notices":[],"jetpack_sharing_enabled":true,"_links":{"self":[{"href":"https:\/\/milicia-pro.com\/index.php\/wp-json\/wp\/v2\/product\/33863","targetHints":{"allow":["GET"]}}],"collection":[{"href":"https:\/\/milicia-pro.com\/index.php\/wp-json\/wp\/v2\/product"}],"about":[{"href":"https:\/\/milicia-pro.com\/index.php\/wp-json\/wp\/v2\/types\/product"}],"replies":[{"embeddable":true,"href":"https:\/\/milicia-pro.com\/index.php\/wp-json\/wp\/v2\/comments?post=33863"}],"wp:featuredmedia":[{"embeddable":true,"href":"https:\/\/milicia-pro.com\/index.php\/wp-json\/wp\/v2\/media\/33928"}],"wp:attachment":[{"href":"https:\/\/milicia-pro.com\/index.php\/wp-json\/wp\/v2\/media?parent=33863"}],"wp:term":[{"taxonomy":"product_brand","embeddable":true,"href":"https:\/\/milicia-pro.com\/index.php\/wp-json\/wp\/v2\/product_brand?post=33863"},{"taxonomy":"product_cat","embeddable":true,"href":"https:\/\/milicia-pro.com\/index.php\/wp-json\/wp\/v2\/product_cat?post=33863"},{"taxonomy":"product_tag","embeddable":true,"href":"https:\/\/milicia-pro.com\/index.php\/wp-json\/wp\/v2\/product_tag?post=33863"}],"curies":[{"name":"wp","href":"https:\/\/api.w.org\/{rel}","templated":true}]}}