{"id":33861,"date":"2022-09-01T18:46:40","date_gmt":"2022-09-01T18:46:40","guid":{"rendered":"https:\/\/milicia-pro.com\/?post_type=product&#038;p=33861"},"modified":"2026-04-21T16:42:46","modified_gmt":"2026-04-21T16:42:46","slug":"machado-e-pe-de-cabra","status":"publish","type":"product","link":"https:\/\/milicia-pro.com\/index.php\/product\/machado-e-pe-de-cabra\/","title":{"rendered":"MACHADO E P\u00c9 DE CABRA"},"content":{"rendered":"<p>L\u00e2mina: a\u00e7o<br \/>\nCabo: madeira (nogueira)<br \/>\nProtec\u00e7\u00e3o: borracha<br \/>\nComprimento: 37 cm<br \/>\nComprimento da l\u00e2mina\u00a0: 15 cm\u00a0Largura da l\u00e2mina: 9 cm<\/p>\n<p>&#8211; r\u00e9plica do machado de garra BW original<br \/>\n&#8211; cabe\u00e7a lacada com uma aresta de corte afiada<br \/>\n&#8211; p\u00e9 de cabra e cabe\u00e7a de martelo na outra extremidade da cabe\u00e7a<\/p>\n","protected":false},"excerpt":{"rendered":"<p>L\u00e2mina: a\u00e7o Cabo: madeira (nogueira) Protec\u00e7\u00e3o: borracha Comprimento: 37 cm Comprimento da l\u00e2mina\u00a0: 15 cm\u00a0Largura da l\u00e2mina: 9 cm &#8211; r\u00e9plica do machado de garra BW original &#8211; cabe\u00e7a lacada com uma aresta de corte afiada &#8211; p\u00e9 de cabra e cabe\u00e7a de martelo na outra extremidade da cabe\u00e7a<\/p>\n","protected":false},"featured_media":33914,"comment_status":"open","ping_status":"closed","template":"","meta":{"_monsterinsights_skip_tracking":false,"_monsterinsights_sitenote_active":false,"_monsterinsights_sitenote_note":"","_monsterinsights_sitenote_category":0},"product_brand":[],"product_cat":[1065,1100,829,855],"product_tag":[750,730,752],"class_list":{"0":"post-33861","1":"product","2":"type-product","3":"status-publish","4":"has-post-thumbnail","6":"product_cat-cutelariaferramentas","7":"product_cat-machetes-e-machados","8":"product_cat-marcas","9":"product_cat-sturm-mil-tec","10":"product_tag-machado","11":"product_tag-montanha","12":"product_tag-pe-de-cabra","14":"first","15":"instock","16":"shipping-taxable","17":"purchasable","18":"product-type-variable"},"aioseo_notices":[],"jetpack_sharing_enabled":true,"_links":{"self":[{"href":"https:\/\/milicia-pro.com\/index.php\/wp-json\/wp\/v2\/product\/33861","targetHints":{"allow":["GET"]}}],"collection":[{"href":"https:\/\/milicia-pro.com\/index.php\/wp-json\/wp\/v2\/product"}],"about":[{"href":"https:\/\/milicia-pro.com\/index.php\/wp-json\/wp\/v2\/types\/product"}],"replies":[{"embeddable":true,"href":"https:\/\/milicia-pro.com\/index.php\/wp-json\/wp\/v2\/comments?post=33861"}],"wp:featuredmedia":[{"embeddable":true,"href":"https:\/\/milicia-pro.com\/index.php\/wp-json\/wp\/v2\/media\/33914"}],"wp:attachment":[{"href":"https:\/\/milicia-pro.com\/index.php\/wp-json\/wp\/v2\/media?parent=33861"}],"wp:term":[{"taxonomy":"product_brand","embeddable":true,"href":"https:\/\/milicia-pro.com\/index.php\/wp-json\/wp\/v2\/product_brand?post=33861"},{"taxonomy":"product_cat","embeddable":true,"href":"https:\/\/milicia-pro.com\/index.php\/wp-json\/wp\/v2\/product_cat?post=33861"},{"taxonomy":"product_tag","embeddable":true,"href":"https:\/\/milicia-pro.com\/index.php\/wp-json\/wp\/v2\/product_tag?post=33861"}],"curies":[{"name":"wp","href":"https:\/\/api.w.org\/{rel}","templated":true}]}}