{"id":33859,"date":"2022-09-01T18:46:40","date_gmt":"2022-09-01T18:46:40","guid":{"rendered":"https:\/\/milicia-pro.com\/?post_type=product&#038;p=33859"},"modified":"2025-05-05T13:18:48","modified_gmt":"2025-05-05T13:18:48","slug":"cutelo-para-cortar-lenha","status":"publish","type":"product","link":"https:\/\/milicia-pro.com\/index.php\/product\/cutelo-para-cortar-lenha\/","title":{"rendered":"CUTELO PARA CORTAR LENHA"},"content":{"rendered":"<p>L\u00e2mina: a\u00e7o 100% inoxid\u00e1vel<br \/>\nCabo com protec\u00e7\u00e3o\u00a0de\u00a0madeira\u00a0: 100% nylon<br \/>\nDimens\u00f5es da l\u00e2mina: 12,5 x 0,05 x 16 cm<br \/>\nComprimento do cabo: 19 cm<\/p>\n<p>&#8211; perfeito para trabalhos em madeira pequena<br \/>\n&#8211; incluindo protec\u00e7\u00e3o de nylon com fecho de velcro<\/p>\n","protected":false},"excerpt":{"rendered":"<p>L\u00e2mina: a\u00e7o 100% inoxid\u00e1vel Cabo com protec\u00e7\u00e3o\u00a0de\u00a0madeira\u00a0: 100% nylon Dimens\u00f5es da l\u00e2mina: 12,5 x 0,05 x 16 cm Comprimento do cabo: 19 cm &#8211; perfeito para trabalhos em madeira pequena &#8211; incluindo protec\u00e7\u00e3o de nylon com fecho de velcro<\/p>\n","protected":false},"featured_media":33912,"comment_status":"open","ping_status":"closed","template":"","meta":{"_monsterinsights_skip_tracking":false,"_monsterinsights_sitenote_active":false,"_monsterinsights_sitenote_note":"","_monsterinsights_sitenote_category":0},"product_brand":[],"product_cat":[1065,1100,829,855],"product_tag":[921,749,750,730],"class_list":{"0":"post-33859","1":"product","2":"type-product","3":"status-publish","4":"has-post-thumbnail","6":"product_cat-cutelariaferramentas","7":"product_cat-machetes-e-machados","8":"product_cat-marcas","9":"product_cat-sturm-mil-tec","10":"product_tag-cutelo","11":"product_tag-lenha","12":"product_tag-machado","13":"product_tag-montanha","15":"first","16":"instock","17":"shipping-taxable","18":"purchasable","19":"product-type-variable"},"aioseo_notices":[],"jetpack_sharing_enabled":true,"_links":{"self":[{"href":"https:\/\/milicia-pro.com\/index.php\/wp-json\/wp\/v2\/product\/33859","targetHints":{"allow":["GET"]}}],"collection":[{"href":"https:\/\/milicia-pro.com\/index.php\/wp-json\/wp\/v2\/product"}],"about":[{"href":"https:\/\/milicia-pro.com\/index.php\/wp-json\/wp\/v2\/types\/product"}],"replies":[{"embeddable":true,"href":"https:\/\/milicia-pro.com\/index.php\/wp-json\/wp\/v2\/comments?post=33859"}],"wp:featuredmedia":[{"embeddable":true,"href":"https:\/\/milicia-pro.com\/index.php\/wp-json\/wp\/v2\/media\/33912"}],"wp:attachment":[{"href":"https:\/\/milicia-pro.com\/index.php\/wp-json\/wp\/v2\/media?parent=33859"}],"wp:term":[{"taxonomy":"product_brand","embeddable":true,"href":"https:\/\/milicia-pro.com\/index.php\/wp-json\/wp\/v2\/product_brand?post=33859"},{"taxonomy":"product_cat","embeddable":true,"href":"https:\/\/milicia-pro.com\/index.php\/wp-json\/wp\/v2\/product_cat?post=33859"},{"taxonomy":"product_tag","embeddable":true,"href":"https:\/\/milicia-pro.com\/index.php\/wp-json\/wp\/v2\/product_tag?post=33859"}],"curies":[{"name":"wp","href":"https:\/\/api.w.org\/{rel}","templated":true}]}}