{"id":33835,"date":"2022-09-01T18:46:18","date_gmt":"2022-09-01T18:46:18","guid":{"rendered":"https:\/\/milicia-pro.com\/?post_type=product&#038;p=33835"},"modified":"2025-03-27T11:20:07","modified_gmt":"2025-03-27T11:20:07","slug":"mini-machado-c-funda-kaydex","status":"publish","type":"product","link":"https:\/\/milicia-pro.com\/index.php\/product\/mini-machado-c-funda-kaydex\/","title":{"rendered":"MINI MACHADO C\/ FUNDA KAYDEX"},"content":{"rendered":"<p>Cabe\u00e7a do machado: a\u00e7o<br \/>\nCabo: 100% nylon<br \/>\nDimens\u00f5es: 9 &#8216;- 228 mm<\/p>\n<p>&#8211; cabe\u00e7a de machado forjada em forma de cunha<br \/>\n&#8211; constru\u00e7\u00e3o \u00fatil para um trabalho eficaz<br \/>\n&#8211; incluindo uma cobertura de nylon est\u00e1vel<\/p>\n","protected":false},"excerpt":{"rendered":"<p>Cabe\u00e7a do machado: a\u00e7o Cabo: 100% nylon Dimens\u00f5es: 9 &#8216;- 228 mm &#8211; cabe\u00e7a de machado forjada em forma de cunha &#8211; constru\u00e7\u00e3o \u00fatil para um trabalho eficaz &#8211; incluindo uma cobertura de nylon est\u00e1vel<\/p>\n","protected":false},"featured_media":33905,"comment_status":"open","ping_status":"closed","template":"","meta":{"_monsterinsights_skip_tracking":false,"_monsterinsights_sitenote_active":false,"_monsterinsights_sitenote_note":"","_monsterinsights_sitenote_category":0},"product_brand":[],"product_cat":[1065,1100,829,855],"product_tag":[749,922],"class_list":{"0":"post-33835","1":"product","2":"type-product","3":"status-publish","4":"has-post-thumbnail","6":"product_cat-cutelariaferramentas","7":"product_cat-machetes-e-machados","8":"product_cat-marcas","9":"product_cat-sturm-mil-tec","10":"product_tag-lenha","11":"product_tag-mini-machado","13":"first","14":"instock","15":"shipping-taxable","16":"purchasable","17":"product-type-variable"},"aioseo_notices":[],"jetpack_sharing_enabled":true,"_links":{"self":[{"href":"https:\/\/milicia-pro.com\/index.php\/wp-json\/wp\/v2\/product\/33835","targetHints":{"allow":["GET"]}}],"collection":[{"href":"https:\/\/milicia-pro.com\/index.php\/wp-json\/wp\/v2\/product"}],"about":[{"href":"https:\/\/milicia-pro.com\/index.php\/wp-json\/wp\/v2\/types\/product"}],"replies":[{"embeddable":true,"href":"https:\/\/milicia-pro.com\/index.php\/wp-json\/wp\/v2\/comments?post=33835"}],"wp:featuredmedia":[{"embeddable":true,"href":"https:\/\/milicia-pro.com\/index.php\/wp-json\/wp\/v2\/media\/33905"}],"wp:attachment":[{"href":"https:\/\/milicia-pro.com\/index.php\/wp-json\/wp\/v2\/media?parent=33835"}],"wp:term":[{"taxonomy":"product_brand","embeddable":true,"href":"https:\/\/milicia-pro.com\/index.php\/wp-json\/wp\/v2\/product_brand?post=33835"},{"taxonomy":"product_cat","embeddable":true,"href":"https:\/\/milicia-pro.com\/index.php\/wp-json\/wp\/v2\/product_cat?post=33835"},{"taxonomy":"product_tag","embeddable":true,"href":"https:\/\/milicia-pro.com\/index.php\/wp-json\/wp\/v2\/product_tag?post=33835"}],"curies":[{"name":"wp","href":"https:\/\/api.w.org\/{rel}","templated":true}]}}