{"id":33834,"date":"2022-09-01T18:46:18","date_gmt":"2022-09-01T18:46:18","guid":{"rendered":"https:\/\/milicia-pro.com\/?post_type=product&#038;p=33834"},"modified":"2025-03-27T11:18:39","modified_gmt":"2025-03-27T11:18:39","slug":"machado-c-serra-e-funda","status":"publish","type":"product","link":"https:\/\/milicia-pro.com\/index.php\/product\/machado-c-serra-e-funda\/","title":{"rendered":"MACHADO C\/SERRA E FUNDA"},"content":{"rendered":"<p>Cabe\u00e7a do machado: a\u00e7o inoxid\u00e1vel<br \/>\nCabo: 100% polipropileno<br \/>\nBolso da cabe\u00e7a: 100% nylon<br \/>\nComprimento da\u00a0l\u00e2mina\u00a0: 11,5 cm<br \/>\nComprimento\u00a0total\u00a0: 37,5 cm<\/p>\n<p>&#8211; l\u00e2mina curva do machado<br \/>\n&#8211; incluindo serra no pesco\u00e7o do machado<br \/>\n&#8211; pe\u00e7a de m\u00e3o ergon\u00f4mica<br \/>\n&#8211; al\u00e7a parafusada<br \/>\n&#8211; incluindo Prendedor de velcro<\/p>\n","protected":false},"excerpt":{"rendered":"<p>Cabe\u00e7a do machado: a\u00e7o inoxid\u00e1vel Cabo: 100% polipropileno Bolso da cabe\u00e7a: 100% nylon Comprimento da\u00a0l\u00e2mina\u00a0: 11,5 cm Comprimento\u00a0total\u00a0: 37,5 cm &#8211; l\u00e2mina curva do machado &#8211; incluindo serra no pesco\u00e7o do machado &#8211; pe\u00e7a de m\u00e3o ergon\u00f4mica &#8211; al\u00e7a parafusada &#8211; incluindo Prendedor de velcro<\/p>\n","protected":false},"featured_media":33903,"comment_status":"open","ping_status":"closed","template":"","meta":{"_monsterinsights_skip_tracking":false,"_monsterinsights_sitenote_active":false,"_monsterinsights_sitenote_note":"","_monsterinsights_sitenote_category":0},"product_brand":[],"product_cat":[1065,1100,829,855],"product_tag":[749,922],"class_list":{"0":"post-33834","1":"product","2":"type-product","3":"status-publish","4":"has-post-thumbnail","6":"product_cat-cutelariaferramentas","7":"product_cat-machetes-e-machados","8":"product_cat-marcas","9":"product_cat-sturm-mil-tec","10":"product_tag-lenha","11":"product_tag-mini-machado","13":"first","14":"instock","15":"shipping-taxable","16":"purchasable","17":"product-type-variable"},"aioseo_notices":[],"jetpack_sharing_enabled":true,"_links":{"self":[{"href":"https:\/\/milicia-pro.com\/index.php\/wp-json\/wp\/v2\/product\/33834","targetHints":{"allow":["GET"]}}],"collection":[{"href":"https:\/\/milicia-pro.com\/index.php\/wp-json\/wp\/v2\/product"}],"about":[{"href":"https:\/\/milicia-pro.com\/index.php\/wp-json\/wp\/v2\/types\/product"}],"replies":[{"embeddable":true,"href":"https:\/\/milicia-pro.com\/index.php\/wp-json\/wp\/v2\/comments?post=33834"}],"wp:featuredmedia":[{"embeddable":true,"href":"https:\/\/milicia-pro.com\/index.php\/wp-json\/wp\/v2\/media\/33903"}],"wp:attachment":[{"href":"https:\/\/milicia-pro.com\/index.php\/wp-json\/wp\/v2\/media?parent=33834"}],"wp:term":[{"taxonomy":"product_brand","embeddable":true,"href":"https:\/\/milicia-pro.com\/index.php\/wp-json\/wp\/v2\/product_brand?post=33834"},{"taxonomy":"product_cat","embeddable":true,"href":"https:\/\/milicia-pro.com\/index.php\/wp-json\/wp\/v2\/product_cat?post=33834"},{"taxonomy":"product_tag","embeddable":true,"href":"https:\/\/milicia-pro.com\/index.php\/wp-json\/wp\/v2\/product_tag?post=33834"}],"curies":[{"name":"wp","href":"https:\/\/api.w.org\/{rel}","templated":true}]}}