{"id":33833,"date":"2022-09-01T18:46:18","date_gmt":"2022-09-01T18:46:18","guid":{"rendered":"https:\/\/milicia-pro.com\/?post_type=product&#038;p=33833"},"modified":"2025-03-27T11:16:32","modified_gmt":"2025-03-27T11:16:32","slug":"canivete-serra-c-funda-bk-cordura","status":"publish","type":"product","link":"https:\/\/milicia-pro.com\/index.php\/product\/canivete-serra-c-funda-bk-cordura\/","title":{"rendered":"CANIVETE SERRA C\/FUNDA BK-CORDURA"},"content":{"rendered":"<p>L\u00e2mina: a\u00e7o inoxid\u00e1vel<br \/>\nCabo:<br \/>\nsaco\u00a0pl\u00e1stico\u00a0: nylon 100%<br \/>\nComprimento da\u00a0l\u00e2mina\u00a0: 19,5 cm<br \/>\nComprimento total: 41 cm<\/p>\n","protected":false},"excerpt":{"rendered":"<p>L\u00e2mina: a\u00e7o inoxid\u00e1vel Cabo: saco\u00a0pl\u00e1stico\u00a0: nylon 100% Comprimento da\u00a0l\u00e2mina\u00a0: 19,5 cm Comprimento total: 41 cm<\/p>\n","protected":false},"featured_media":33901,"comment_status":"open","ping_status":"closed","template":"","meta":{"_monsterinsights_skip_tracking":false,"_monsterinsights_sitenote_active":false,"_monsterinsights_sitenote_note":"","_monsterinsights_sitenote_category":0},"product_brand":[],"product_cat":[1065,829,1098,855],"product_tag":[98,225],"class_list":{"0":"post-33833","1":"product","2":"type-product","3":"status-publish","4":"has-post-thumbnail","6":"product_cat-cutelariaferramentas","7":"product_cat-marcas","8":"product_cat-navalha","9":"product_cat-sturm-mil-tec","10":"product_tag-canivete","11":"product_tag-navalha","13":"first","14":"instock","15":"shipping-taxable","16":"purchasable","17":"product-type-variable"},"aioseo_notices":[],"jetpack_sharing_enabled":true,"_links":{"self":[{"href":"https:\/\/milicia-pro.com\/index.php\/wp-json\/wp\/v2\/product\/33833","targetHints":{"allow":["GET"]}}],"collection":[{"href":"https:\/\/milicia-pro.com\/index.php\/wp-json\/wp\/v2\/product"}],"about":[{"href":"https:\/\/milicia-pro.com\/index.php\/wp-json\/wp\/v2\/types\/product"}],"replies":[{"embeddable":true,"href":"https:\/\/milicia-pro.com\/index.php\/wp-json\/wp\/v2\/comments?post=33833"}],"wp:featuredmedia":[{"embeddable":true,"href":"https:\/\/milicia-pro.com\/index.php\/wp-json\/wp\/v2\/media\/33901"}],"wp:attachment":[{"href":"https:\/\/milicia-pro.com\/index.php\/wp-json\/wp\/v2\/media?parent=33833"}],"wp:term":[{"taxonomy":"product_brand","embeddable":true,"href":"https:\/\/milicia-pro.com\/index.php\/wp-json\/wp\/v2\/product_brand?post=33833"},{"taxonomy":"product_cat","embeddable":true,"href":"https:\/\/milicia-pro.com\/index.php\/wp-json\/wp\/v2\/product_cat?post=33833"},{"taxonomy":"product_tag","embeddable":true,"href":"https:\/\/milicia-pro.com\/index.php\/wp-json\/wp\/v2\/product_tag?post=33833"}],"curies":[{"name":"wp","href":"https:\/\/api.w.org\/{rel}","templated":true}]}}