{"id":33832,"date":"2022-09-01T18:46:18","date_gmt":"2022-09-01T18:46:18","guid":{"rendered":"https:\/\/milicia-pro.com\/?post_type=product&#038;p=33832"},"modified":"2026-02-23T16:20:14","modified_gmt":"2026-02-23T16:20:14","slug":"canivete-serra","status":"publish","type":"product","link":"https:\/\/milicia-pro.com\/index.php\/product\/canivete-serra\/","title":{"rendered":"CANIVETE SERRA"},"content":{"rendered":"<p>L\u00e2mina de serra: a\u00e7o carbono<br \/>\nCabo: pl\u00e1stico ABS<br \/>\nComprimento da l\u00e2mina de serra: 18 cm<\/p>\n<p>&#8211; ferramenta indispens\u00e1vel para caminhantes, campistas e ca\u00e7adores<br \/>\n&#8211; excelente para uso dom\u00e9stico<br \/>\n&#8211; madeira, pl\u00e1stico etc. podem ser cortados facilmente<\/p>\n","protected":false},"excerpt":{"rendered":"<p>L\u00e2mina de serra: a\u00e7o carbono Cabo: pl\u00e1stico ABS Comprimento da l\u00e2mina de serra: 18 cm &#8211; ferramenta indispens\u00e1vel para caminhantes, campistas e ca\u00e7adores &#8211; excelente para uso dom\u00e9stico &#8211; madeira, pl\u00e1stico etc. podem ser cortados facilmente<\/p>\n","protected":false},"featured_media":33889,"comment_status":"open","ping_status":"closed","template":"","meta":{"_monsterinsights_skip_tracking":false,"_monsterinsights_sitenote_active":false,"_monsterinsights_sitenote_note":"","_monsterinsights_sitenote_category":0},"product_brand":[],"product_cat":[1065,829,1098,855],"product_tag":[98,225,925],"class_list":{"0":"post-33832","1":"product","2":"type-product","3":"status-publish","4":"has-post-thumbnail","6":"product_cat-cutelariaferramentas","7":"product_cat-marcas","8":"product_cat-navalha","9":"product_cat-sturm-mil-tec","10":"product_tag-canivete","11":"product_tag-navalha","12":"product_tag-serra","14":"first","15":"instock","16":"shipping-taxable","17":"purchasable","18":"product-type-variable"},"aioseo_notices":[],"jetpack_sharing_enabled":true,"_links":{"self":[{"href":"https:\/\/milicia-pro.com\/index.php\/wp-json\/wp\/v2\/product\/33832","targetHints":{"allow":["GET"]}}],"collection":[{"href":"https:\/\/milicia-pro.com\/index.php\/wp-json\/wp\/v2\/product"}],"about":[{"href":"https:\/\/milicia-pro.com\/index.php\/wp-json\/wp\/v2\/types\/product"}],"replies":[{"embeddable":true,"href":"https:\/\/milicia-pro.com\/index.php\/wp-json\/wp\/v2\/comments?post=33832"}],"wp:featuredmedia":[{"embeddable":true,"href":"https:\/\/milicia-pro.com\/index.php\/wp-json\/wp\/v2\/media\/33889"}],"wp:attachment":[{"href":"https:\/\/milicia-pro.com\/index.php\/wp-json\/wp\/v2\/media?parent=33832"}],"wp:term":[{"taxonomy":"product_brand","embeddable":true,"href":"https:\/\/milicia-pro.com\/index.php\/wp-json\/wp\/v2\/product_brand?post=33832"},{"taxonomy":"product_cat","embeddable":true,"href":"https:\/\/milicia-pro.com\/index.php\/wp-json\/wp\/v2\/product_cat?post=33832"},{"taxonomy":"product_tag","embeddable":true,"href":"https:\/\/milicia-pro.com\/index.php\/wp-json\/wp\/v2\/product_tag?post=33832"}],"curies":[{"name":"wp","href":"https:\/\/api.w.org\/{rel}","templated":true}]}}