{"id":33831,"date":"2022-09-01T18:46:18","date_gmt":"2022-09-01T18:46:18","guid":{"rendered":"https:\/\/milicia-pro.com\/?post_type=product&#038;p=33831"},"modified":"2025-03-27T11:12:15","modified_gmt":"2025-03-27T11:12:15","slug":"serra-de-punho-od","status":"publish","type":"product","link":"https:\/\/milicia-pro.com\/index.php\/product\/serra-de-punho-od\/","title":{"rendered":"SERRA DE PUNHO-OD"},"content":{"rendered":"<p>L\u00e2mina: 100% a\u00e7o inoxid\u00e1vel<br \/>\nAl\u00e7as: 100% polipropileno<br \/>\nComprimento total com al\u00e7as: 71 cm<br \/>\nSerra de comprimento: 60 cm<\/p>\n<p>&#8211; Serra de comando com al\u00e7as de PP<br \/>\n&#8211; fio de a\u00e7o enrolado de 8 vias<br \/>\n&#8211; ideal para madeira, pl\u00e1stico, osso e metal macio<\/p>\n","protected":false},"excerpt":{"rendered":"<p>L\u00e2mina: 100% a\u00e7o inoxid\u00e1vel Al\u00e7as: 100% polipropileno Comprimento total com al\u00e7as: 71 cm Serra de comprimento: 60 cm &#8211; Serra de comando com al\u00e7as de PP &#8211; fio de a\u00e7o enrolado de 8 vias &#8211; ideal para madeira, pl\u00e1stico, osso e metal macio<\/p>\n","protected":false},"featured_media":33888,"comment_status":"open","ping_status":"closed","template":"","meta":{"_monsterinsights_skip_tracking":false,"_monsterinsights_sitenote_active":false,"_monsterinsights_sitenote_note":"","_monsterinsights_sitenote_category":0},"product_brand":[],"product_cat":[1065,829,1365,855],"product_tag":[923,924,925],"class_list":{"0":"post-33831","1":"product","2":"type-product","3":"status-publish","4":"has-post-thumbnail","6":"product_cat-cutelariaferramentas","7":"product_cat-marcas","8":"product_cat-serra","9":"product_cat-sturm-mil-tec","10":"product_tag-corte","11":"product_tag-fio","12":"product_tag-serra","14":"first","15":"instock","16":"shipping-taxable","17":"purchasable","18":"product-type-variable"},"aioseo_notices":[],"jetpack_sharing_enabled":true,"_links":{"self":[{"href":"https:\/\/milicia-pro.com\/index.php\/wp-json\/wp\/v2\/product\/33831","targetHints":{"allow":["GET"]}}],"collection":[{"href":"https:\/\/milicia-pro.com\/index.php\/wp-json\/wp\/v2\/product"}],"about":[{"href":"https:\/\/milicia-pro.com\/index.php\/wp-json\/wp\/v2\/types\/product"}],"replies":[{"embeddable":true,"href":"https:\/\/milicia-pro.com\/index.php\/wp-json\/wp\/v2\/comments?post=33831"}],"wp:featuredmedia":[{"embeddable":true,"href":"https:\/\/milicia-pro.com\/index.php\/wp-json\/wp\/v2\/media\/33888"}],"wp:attachment":[{"href":"https:\/\/milicia-pro.com\/index.php\/wp-json\/wp\/v2\/media?parent=33831"}],"wp:term":[{"taxonomy":"product_brand","embeddable":true,"href":"https:\/\/milicia-pro.com\/index.php\/wp-json\/wp\/v2\/product_brand?post=33831"},{"taxonomy":"product_cat","embeddable":true,"href":"https:\/\/milicia-pro.com\/index.php\/wp-json\/wp\/v2\/product_cat?post=33831"},{"taxonomy":"product_tag","embeddable":true,"href":"https:\/\/milicia-pro.com\/index.php\/wp-json\/wp\/v2\/product_tag?post=33831"}],"curies":[{"name":"wp","href":"https:\/\/api.w.org\/{rel}","templated":true}]}}