{"id":33830,"date":"2022-09-01T18:46:17","date_gmt":"2022-09-01T18:46:17","guid":{"rendered":"https:\/\/milicia-pro.com\/?post_type=product&#038;p=33830"},"modified":"2025-03-27T11:09:15","modified_gmt":"2025-03-27T11:09:15","slug":"serra-de-punho-73cm","status":"publish","type":"product","link":"https:\/\/milicia-pro.com\/index.php\/product\/serra-de-punho-73cm\/","title":{"rendered":"SERRA DE PUNHO 73CM"},"content":{"rendered":"<p>Serra caixa de\u00a0a\u00e7o\u00a0: 100% poli\u00e9ster<br \/>\nComprimento da l\u00e2mina de serra: 73 cm<br \/>\nComprimento total: 116 cm<\/p>\n<p>Peso: 200gr<\/p>\n<p>&#8211; serra manual pr\u00e1tica e est\u00e1vel<br \/>\n&#8211; dentes grossos<br \/>\n&#8211; tamanho pequeno da embalagem rolando a l\u00e2mina de serra<br \/>\n&#8211; com al\u00e7as de pl\u00e1stico ergon\u00f4micas<br \/>\n&#8211; incluindo bolsa de transporte com trava de cabo<\/p>\n","protected":false},"excerpt":{"rendered":"<p>Serra caixa de\u00a0a\u00e7o\u00a0: 100% poli\u00e9ster Comprimento da l\u00e2mina de serra: 73 cm Comprimento total: 116 cm Peso: 200gr &#8211; serra manual pr\u00e1tica e est\u00e1vel &#8211; dentes grossos &#8211; tamanho pequeno da embalagem rolando a l\u00e2mina de serra &#8211; com al\u00e7as de pl\u00e1stico ergon\u00f4micas &#8211; incluindo bolsa de transporte com trava de cabo<\/p>\n","protected":false},"featured_media":33887,"comment_status":"open","ping_status":"closed","template":"","meta":{"_monsterinsights_skip_tracking":false,"_monsterinsights_sitenote_active":false,"_monsterinsights_sitenote_note":"","_monsterinsights_sitenote_category":0},"product_brand":[],"product_cat":[1065,829,1365,855],"product_tag":[923,925],"class_list":{"0":"post-33830","1":"product","2":"type-product","3":"status-publish","4":"has-post-thumbnail","6":"product_cat-cutelariaferramentas","7":"product_cat-marcas","8":"product_cat-serra","9":"product_cat-sturm-mil-tec","10":"product_tag-corte","11":"product_tag-serra","13":"first","14":"instock","15":"shipping-taxable","16":"purchasable","17":"product-type-variable"},"aioseo_notices":[],"jetpack_sharing_enabled":true,"_links":{"self":[{"href":"https:\/\/milicia-pro.com\/index.php\/wp-json\/wp\/v2\/product\/33830","targetHints":{"allow":["GET"]}}],"collection":[{"href":"https:\/\/milicia-pro.com\/index.php\/wp-json\/wp\/v2\/product"}],"about":[{"href":"https:\/\/milicia-pro.com\/index.php\/wp-json\/wp\/v2\/types\/product"}],"replies":[{"embeddable":true,"href":"https:\/\/milicia-pro.com\/index.php\/wp-json\/wp\/v2\/comments?post=33830"}],"wp:featuredmedia":[{"embeddable":true,"href":"https:\/\/milicia-pro.com\/index.php\/wp-json\/wp\/v2\/media\/33887"}],"wp:attachment":[{"href":"https:\/\/milicia-pro.com\/index.php\/wp-json\/wp\/v2\/media?parent=33830"}],"wp:term":[{"taxonomy":"product_brand","embeddable":true,"href":"https:\/\/milicia-pro.com\/index.php\/wp-json\/wp\/v2\/product_brand?post=33830"},{"taxonomy":"product_cat","embeddable":true,"href":"https:\/\/milicia-pro.com\/index.php\/wp-json\/wp\/v2\/product_cat?post=33830"},{"taxonomy":"product_tag","embeddable":true,"href":"https:\/\/milicia-pro.com\/index.php\/wp-json\/wp\/v2\/product_tag?post=33830"}],"curies":[{"name":"wp","href":"https:\/\/api.w.org\/{rel}","templated":true}]}}