{"id":33828,"date":"2022-09-01T18:46:17","date_gmt":"2022-09-01T18:46:17","guid":{"rendered":"https:\/\/milicia-pro.com\/?post_type=product&#038;p=33828"},"modified":"2026-03-09T17:30:30","modified_gmt":"2026-03-09T17:30:30","slug":"cartao-ferramenta-c-12-funcoes-bk","status":"publish","type":"product","link":"https:\/\/milicia-pro.com\/index.php\/product\/cartao-ferramenta-c-12-funcoes-bk\/","title":{"rendered":"CART\u00c3O FERRAMENTA C\/ 12 FUN\u00c7\u00d5ES-BK"},"content":{"rendered":"<p>Bainha 2CR13 em a\u00e7o inoxid\u00e1vel: 100% polipropileno<br \/>\nDimens\u00f5es: 8,5 x 5,3 cm<\/p>\n<p>12 ferramentas:<br \/>\n&#8211; Garrafa<br \/>\n&#8211; l\u00e2mina<br \/>\n&#8211; chave de fenda<br \/>\n&#8211; r\u00e9gua<br \/>\n&#8211; abridor de latas<br \/>\n&#8211; chave inglesa (4 tamanhos)<br \/>\n&#8211; chave de asa<br \/>\n&#8211; serrilhada<br \/>\n&#8211; guia<br \/>\n&#8211; orif\u00edcio para chaveiro<br \/>\n&#8211; Paracordleine<br \/>\n&#8211; garra de unha<\/p>\n","protected":false},"excerpt":{"rendered":"<p>Bainha 2CR13 em a\u00e7o inoxid\u00e1vel: 100% polipropileno Dimens\u00f5es: 8,5 x 5,3 cm 12 ferramentas: &#8211; Garrafa &#8211; l\u00e2mina &#8211; chave de fenda &#8211; r\u00e9gua &#8211; abridor de latas &#8211; chave inglesa (4 tamanhos) &#8211; chave de asa &#8211; serrilhada &#8211; guia &#8211; orif\u00edcio para chaveiro &#8211; Paracordleine &#8211; garra de unha<\/p>\n","protected":false},"featured_media":33884,"comment_status":"open","ping_status":"closed","template":"","meta":{"_monsterinsights_skip_tracking":false,"_monsterinsights_sitenote_active":false,"_monsterinsights_sitenote_note":"","_monsterinsights_sitenote_category":0},"product_brand":[],"product_cat":[1065,1097,829,855],"product_tag":[923,148,185,886],"class_list":{"0":"post-33828","1":"product","2":"type-product","3":"status-publish","4":"has-post-thumbnail","6":"product_cat-cutelariaferramentas","7":"product_cat-ferramentas","8":"product_cat-marcas","9":"product_cat-sturm-mil-tec","10":"product_tag-corte","11":"product_tag-ferramenta","12":"product_tag-kit","13":"product_tag-regua","15":"first","16":"instock","17":"shipping-taxable","18":"purchasable","19":"product-type-variable"},"aioseo_notices":[],"jetpack_sharing_enabled":true,"_links":{"self":[{"href":"https:\/\/milicia-pro.com\/index.php\/wp-json\/wp\/v2\/product\/33828","targetHints":{"allow":["GET"]}}],"collection":[{"href":"https:\/\/milicia-pro.com\/index.php\/wp-json\/wp\/v2\/product"}],"about":[{"href":"https:\/\/milicia-pro.com\/index.php\/wp-json\/wp\/v2\/types\/product"}],"replies":[{"embeddable":true,"href":"https:\/\/milicia-pro.com\/index.php\/wp-json\/wp\/v2\/comments?post=33828"}],"wp:featuredmedia":[{"embeddable":true,"href":"https:\/\/milicia-pro.com\/index.php\/wp-json\/wp\/v2\/media\/33884"}],"wp:attachment":[{"href":"https:\/\/milicia-pro.com\/index.php\/wp-json\/wp\/v2\/media?parent=33828"}],"wp:term":[{"taxonomy":"product_brand","embeddable":true,"href":"https:\/\/milicia-pro.com\/index.php\/wp-json\/wp\/v2\/product_brand?post=33828"},{"taxonomy":"product_cat","embeddable":true,"href":"https:\/\/milicia-pro.com\/index.php\/wp-json\/wp\/v2\/product_cat?post=33828"},{"taxonomy":"product_tag","embeddable":true,"href":"https:\/\/milicia-pro.com\/index.php\/wp-json\/wp\/v2\/product_tag?post=33828"}],"curies":[{"name":"wp","href":"https:\/\/api.w.org\/{rel}","templated":true}]}}