{"id":33806,"date":"2022-09-01T18:45:54","date_gmt":"2022-09-01T18:45:54","guid":{"rendered":"https:\/\/milicia-pro.com\/?post_type=product&#038;p=33806"},"modified":"2025-09-23T16:37:16","modified_gmt":"2025-09-23T16:37:16","slug":"cartao-cromado-c-11-funcoes","status":"publish","type":"product","link":"https:\/\/milicia-pro.com\/index.php\/product\/cartao-cromado-c-11-funcoes\/","title":{"rendered":"CART\u00c3O CROMADO C\/ 11 FUN\u00c7\u00d5ES"},"content":{"rendered":"<p>Caixa em a\u00e7o inoxid\u00e1vel: 100% polipropileno<br \/>\nDimens\u00f5es: 6,8 x 4,5 cm<\/p>\n<p>11 ferramentas:<br \/>\n&#8211; abridor de garrafas<br \/>\n&#8211; faca<br \/>\n&#8211; chave de fenda<br \/>\n&#8211; r\u00e9gua<br \/>\n&#8211; abridor de latas<br \/>\n&#8211; chave inglesa (6 tamanhos)<br \/>\n&#8211; chave inglesa<br \/>\n&#8211;\u00a0l\u00e2mina de serra<\/p>\n<p>&#8211;\u00a0l\u00e2mina de serra\u00a0&#8211;\u00a0aux\u00edlio \u00e0\u00a0orienta\u00e7\u00e3o<br \/>\n&#8211; orif\u00edcio para chaveiro<\/p>\n","protected":false},"excerpt":{"rendered":"<p>Caixa em a\u00e7o inoxid\u00e1vel: 100% polipropileno Dimens\u00f5es: 6,8 x 4,5 cm 11 ferramentas: &#8211; abridor de garrafas &#8211; faca &#8211; chave de fenda &#8211; r\u00e9gua &#8211; abridor de latas &#8211; chave inglesa (6 tamanhos) &#8211; chave inglesa &#8211;\u00a0l\u00e2mina de serra &#8211;\u00a0l\u00e2mina de serra\u00a0&#8211;\u00a0aux\u00edlio \u00e0\u00a0orienta\u00e7\u00e3o &#8211; orif\u00edcio para chaveiro<\/p>\n","protected":false},"featured_media":33880,"comment_status":"open","ping_status":"closed","template":"","meta":{"_monsterinsights_skip_tracking":false,"_monsterinsights_sitenote_active":false,"_monsterinsights_sitenote_note":"","_monsterinsights_sitenote_category":0},"product_brand":[],"product_cat":[1065,1097,829,855],"product_tag":[923,148,185,886],"class_list":{"0":"post-33806","1":"product","2":"type-product","3":"status-publish","4":"has-post-thumbnail","6":"product_cat-cutelariaferramentas","7":"product_cat-ferramentas","8":"product_cat-marcas","9":"product_cat-sturm-mil-tec","10":"product_tag-corte","11":"product_tag-ferramenta","12":"product_tag-kit","13":"product_tag-regua","15":"first","16":"instock","17":"shipping-taxable","18":"purchasable","19":"product-type-variable"},"aioseo_notices":[],"jetpack_sharing_enabled":true,"_links":{"self":[{"href":"https:\/\/milicia-pro.com\/index.php\/wp-json\/wp\/v2\/product\/33806","targetHints":{"allow":["GET"]}}],"collection":[{"href":"https:\/\/milicia-pro.com\/index.php\/wp-json\/wp\/v2\/product"}],"about":[{"href":"https:\/\/milicia-pro.com\/index.php\/wp-json\/wp\/v2\/types\/product"}],"replies":[{"embeddable":true,"href":"https:\/\/milicia-pro.com\/index.php\/wp-json\/wp\/v2\/comments?post=33806"}],"wp:featuredmedia":[{"embeddable":true,"href":"https:\/\/milicia-pro.com\/index.php\/wp-json\/wp\/v2\/media\/33880"}],"wp:attachment":[{"href":"https:\/\/milicia-pro.com\/index.php\/wp-json\/wp\/v2\/media?parent=33806"}],"wp:term":[{"taxonomy":"product_brand","embeddable":true,"href":"https:\/\/milicia-pro.com\/index.php\/wp-json\/wp\/v2\/product_brand?post=33806"},{"taxonomy":"product_cat","embeddable":true,"href":"https:\/\/milicia-pro.com\/index.php\/wp-json\/wp\/v2\/product_cat?post=33806"},{"taxonomy":"product_tag","embeddable":true,"href":"https:\/\/milicia-pro.com\/index.php\/wp-json\/wp\/v2\/product_tag?post=33806"}],"curies":[{"name":"wp","href":"https:\/\/api.w.org\/{rel}","templated":true}]}}