{"id":33805,"date":"2022-09-01T18:45:53","date_gmt":"2022-09-01T18:45:53","guid":{"rendered":"https:\/\/milicia-pro.com\/?post_type=product&#038;p=33805"},"modified":"2025-03-27T10:41:07","modified_gmt":"2025-03-27T10:41:07","slug":"alicate-multi-funcoes","status":"publish","type":"product","link":"https:\/\/milicia-pro.com\/index.php\/product\/alicate-multi-funcoes\/","title":{"rendered":"ALICATE MULTI-FUN\u00c7\u00d5ES"},"content":{"rendered":"<p>Caixa \/ al\u00e7a de a\u00e7o 2Cr13<br \/>\ncaixa de\u00a0alum\u00ednio\u00a0: 100% nylon<br \/>\ncomprimento total: 17 cm<br \/>\ncaixa: 11 cm<br \/>\ntamanho da embalagem: 11 x 4,5 x 2,5 cm<br \/>\npeso: 308 g<\/p>\n<p>&#8211; ferramenta m\u00faltipla compacta com cord\u00e3o<br \/>\n&#8211; todas as ferramentas podem ser usadas dobre com uma m\u00e3o<br \/>\n&#8211; o bloqueio permite um trabalho seguro e preciso<br \/>\n&#8211; 9 ferramentas dispon\u00edveis<br \/>\n&#8211; alicate, lima, mandril, 2 fendas e uma chave de fenda Phillips, abridor de latas, faca, serra<br \/>\n&#8211; um companheiro di\u00e1rio para dentro e fora<br \/>\n&#8211; incluindo estojo e caixa de presente<\/p>\n","protected":false},"excerpt":{"rendered":"<p>Caixa \/ al\u00e7a de a\u00e7o 2Cr13 caixa de\u00a0alum\u00ednio\u00a0: 100% nylon comprimento total: 17 cm caixa: 11 cm tamanho da embalagem: 11 x 4,5 x 2,5 cm peso: 308 g &#8211; ferramenta m\u00faltipla compacta com cord\u00e3o &#8211; todas as ferramentas podem ser usadas dobre com uma m\u00e3o &#8211; o bloqueio permite um trabalho seguro e preciso [&#8230;]\n","protected":false},"featured_media":33877,"comment_status":"open","ping_status":"closed","template":"","meta":{"_monsterinsights_skip_tracking":false,"_monsterinsights_sitenote_active":false,"_monsterinsights_sitenote_note":"","_monsterinsights_sitenote_category":0},"product_brand":[],"product_cat":[1101,1065,829,855],"product_tag":[60,927],"class_list":{"0":"post-33805","1":"product","2":"type-product","3":"status-publish","4":"has-post-thumbnail","6":"product_cat-alicate-multifuncoes","7":"product_cat-cutelariaferramentas","8":"product_cat-marcas","9":"product_cat-sturm-mil-tec","10":"product_tag-alicate","11":"product_tag-multi-funcoes","13":"first","14":"instock","15":"shipping-taxable","16":"purchasable","17":"product-type-variable"},"aioseo_notices":[],"jetpack_sharing_enabled":true,"_links":{"self":[{"href":"https:\/\/milicia-pro.com\/index.php\/wp-json\/wp\/v2\/product\/33805","targetHints":{"allow":["GET"]}}],"collection":[{"href":"https:\/\/milicia-pro.com\/index.php\/wp-json\/wp\/v2\/product"}],"about":[{"href":"https:\/\/milicia-pro.com\/index.php\/wp-json\/wp\/v2\/types\/product"}],"replies":[{"embeddable":true,"href":"https:\/\/milicia-pro.com\/index.php\/wp-json\/wp\/v2\/comments?post=33805"}],"wp:featuredmedia":[{"embeddable":true,"href":"https:\/\/milicia-pro.com\/index.php\/wp-json\/wp\/v2\/media\/33877"}],"wp:attachment":[{"href":"https:\/\/milicia-pro.com\/index.php\/wp-json\/wp\/v2\/media?parent=33805"}],"wp:term":[{"taxonomy":"product_brand","embeddable":true,"href":"https:\/\/milicia-pro.com\/index.php\/wp-json\/wp\/v2\/product_brand?post=33805"},{"taxonomy":"product_cat","embeddable":true,"href":"https:\/\/milicia-pro.com\/index.php\/wp-json\/wp\/v2\/product_cat?post=33805"},{"taxonomy":"product_tag","embeddable":true,"href":"https:\/\/milicia-pro.com\/index.php\/wp-json\/wp\/v2\/product_tag?post=33805"}],"curies":[{"name":"wp","href":"https:\/\/api.w.org\/{rel}","templated":true}]}}