{"id":33804,"date":"2022-09-01T18:45:53","date_gmt":"2022-09-01T18:45:53","guid":{"rendered":"https:\/\/milicia-pro.com\/?post_type=product&#038;p=33804"},"modified":"2025-03-27T10:37:02","modified_gmt":"2025-03-27T10:37:02","slug":"faca-messer-bk-funda-caidex","status":"publish","type":"product","link":"https:\/\/milicia-pro.com\/index.php\/product\/faca-messer-bk-funda-caidex\/","title":{"rendered":"FACA MESSER BK FUNDA CAIDEX"},"content":{"rendered":"<p>L\u00e2mina: a\u00e7o inoxid\u00e1vel<br \/>\nCabo: borracha<br \/>\nComprimento da\u00a0l\u00e2mina\u00a0: 15,5 cm<br \/>\nComprimento total: 28,5 cm<\/p>\n<p>&nbsp;<\/p>\n","protected":false},"excerpt":{"rendered":"<p>L\u00e2mina: a\u00e7o inoxid\u00e1vel Cabo: borracha Comprimento da\u00a0l\u00e2mina\u00a0: 15,5 cm Comprimento total: 28,5 cm &nbsp;<\/p>\n","protected":false},"featured_media":33875,"comment_status":"open","ping_status":"closed","template":"","meta":{"_monsterinsights_skip_tracking":false,"_monsterinsights_sitenote_active":false,"_monsterinsights_sitenote_note":"","_monsterinsights_sitenote_category":0},"product_brand":[],"product_cat":[1065,1099,829,855],"product_tag":[147],"class_list":{"0":"post-33804","1":"product","2":"type-product","3":"status-publish","4":"has-post-thumbnail","6":"product_cat-cutelariaferramentas","7":"product_cat-faca","8":"product_cat-marcas","9":"product_cat-sturm-mil-tec","10":"product_tag-faca","12":"first","13":"outofstock","14":"shipping-taxable","15":"purchasable","16":"product-type-variable"},"aioseo_notices":[],"jetpack_sharing_enabled":true,"_links":{"self":[{"href":"https:\/\/milicia-pro.com\/index.php\/wp-json\/wp\/v2\/product\/33804","targetHints":{"allow":["GET"]}}],"collection":[{"href":"https:\/\/milicia-pro.com\/index.php\/wp-json\/wp\/v2\/product"}],"about":[{"href":"https:\/\/milicia-pro.com\/index.php\/wp-json\/wp\/v2\/types\/product"}],"replies":[{"embeddable":true,"href":"https:\/\/milicia-pro.com\/index.php\/wp-json\/wp\/v2\/comments?post=33804"}],"wp:featuredmedia":[{"embeddable":true,"href":"https:\/\/milicia-pro.com\/index.php\/wp-json\/wp\/v2\/media\/33875"}],"wp:attachment":[{"href":"https:\/\/milicia-pro.com\/index.php\/wp-json\/wp\/v2\/media?parent=33804"}],"wp:term":[{"taxonomy":"product_brand","embeddable":true,"href":"https:\/\/milicia-pro.com\/index.php\/wp-json\/wp\/v2\/product_brand?post=33804"},{"taxonomy":"product_cat","embeddable":true,"href":"https:\/\/milicia-pro.com\/index.php\/wp-json\/wp\/v2\/product_cat?post=33804"},{"taxonomy":"product_tag","embeddable":true,"href":"https:\/\/milicia-pro.com\/index.php\/wp-json\/wp\/v2\/product_tag?post=33804"}],"curies":[{"name":"wp","href":"https:\/\/api.w.org\/{rel}","templated":true}]}}