{"id":33803,"date":"2022-09-01T18:45:53","date_gmt":"2022-09-01T18:45:53","guid":{"rendered":"https:\/\/milicia-pro.com\/?post_type=product&#038;p=33803"},"modified":"2025-07-08T11:05:17","modified_gmt":"2025-07-08T11:05:17","slug":"faca-de-sobrevivencia-c-funda-bk","status":"publish","type":"product","link":"https:\/\/milicia-pro.com\/index.php\/product\/faca-de-sobrevivencia-c-funda-bk\/","title":{"rendered":"FACA DE SOBREVIV\u00caNCIA C\/ FUNDA-BK"},"content":{"rendered":"<p>L\u00e2mina: a\u00e7o inoxid\u00e1vel<br \/>\nCabo: liga de zinco<br \/>\nComprimento da\u00a0l\u00e2mina\u00a0: 16 cm<br \/>\nComprimento total: 28,5 cm<\/p>\n<p>Faca de sobreviv\u00eancia com extenso equipamento de sobreviv\u00eancia:<\/p>\n<p>&#8211; pin\u00e7a<br \/>\n&#8211; alfinete de seguran\u00e7a<br \/>\n&#8211; agulha de<br \/>\ncostura<br \/>\n&#8211;\u00a0linha de costura preta\u00a0&#8211; l\u00e1pis<br \/>\n&#8211; pequeno conjunto de pesca<br \/>\n&#8211; gesso<br \/>\n&#8211; l\u00e2mina de bisturi<br \/>\n&#8211; ferramenta m\u00faltipla pequena<br \/>\n&#8211; b\u00fassola<\/p>\n","protected":false},"excerpt":{"rendered":"<p>L\u00e2mina: a\u00e7o inoxid\u00e1vel Cabo: liga de zinco Comprimento da\u00a0l\u00e2mina\u00a0: 16 cm Comprimento total: 28,5 cm Faca de sobreviv\u00eancia com extenso equipamento de sobreviv\u00eancia: &#8211; pin\u00e7a &#8211; alfinete de seguran\u00e7a &#8211; agulha de costura &#8211;\u00a0linha de costura preta\u00a0&#8211; l\u00e1pis &#8211; pequeno conjunto de pesca &#8211; gesso &#8211; l\u00e2mina de bisturi &#8211; ferramenta m\u00faltipla pequena &#8211; b\u00fassola<\/p>\n","protected":false},"featured_media":33874,"comment_status":"open","ping_status":"closed","template":"","meta":{"_monsterinsights_skip_tracking":false,"_monsterinsights_sitenote_active":false,"_monsterinsights_sitenote_note":"","_monsterinsights_sitenote_category":0},"product_brand":[],"product_cat":[1065,1099,829,855],"product_tag":[147,913,925,306],"class_list":{"0":"post-33803","1":"product","2":"type-product","3":"status-publish","4":"has-post-thumbnail","6":"product_cat-cutelariaferramentas","7":"product_cat-faca","8":"product_cat-marcas","9":"product_cat-sturm-mil-tec","10":"product_tag-faca","11":"product_tag-mato","12":"product_tag-serra","13":"product_tag-sobrevivencia","15":"first","16":"outofstock","17":"shipping-taxable","18":"purchasable","19":"product-type-variable"},"aioseo_notices":[],"jetpack_sharing_enabled":true,"_links":{"self":[{"href":"https:\/\/milicia-pro.com\/index.php\/wp-json\/wp\/v2\/product\/33803","targetHints":{"allow":["GET"]}}],"collection":[{"href":"https:\/\/milicia-pro.com\/index.php\/wp-json\/wp\/v2\/product"}],"about":[{"href":"https:\/\/milicia-pro.com\/index.php\/wp-json\/wp\/v2\/types\/product"}],"replies":[{"embeddable":true,"href":"https:\/\/milicia-pro.com\/index.php\/wp-json\/wp\/v2\/comments?post=33803"}],"wp:featuredmedia":[{"embeddable":true,"href":"https:\/\/milicia-pro.com\/index.php\/wp-json\/wp\/v2\/media\/33874"}],"wp:attachment":[{"href":"https:\/\/milicia-pro.com\/index.php\/wp-json\/wp\/v2\/media?parent=33803"}],"wp:term":[{"taxonomy":"product_brand","embeddable":true,"href":"https:\/\/milicia-pro.com\/index.php\/wp-json\/wp\/v2\/product_brand?post=33803"},{"taxonomy":"product_cat","embeddable":true,"href":"https:\/\/milicia-pro.com\/index.php\/wp-json\/wp\/v2\/product_cat?post=33803"},{"taxonomy":"product_tag","embeddable":true,"href":"https:\/\/milicia-pro.com\/index.php\/wp-json\/wp\/v2\/product_tag?post=33803"}],"curies":[{"name":"wp","href":"https:\/\/api.w.org\/{rel}","templated":true}]}}