{"id":33802,"date":"2022-09-01T18:45:53","date_gmt":"2022-09-01T18:45:53","guid":{"rendered":"https:\/\/milicia-pro.com\/?post_type=product&#038;p=33802"},"modified":"2025-03-27T10:34:37","modified_gmt":"2025-03-27T10:34:37","slug":"faca-de-sobrevivencia-tipo-forcas-especiais-c-funda","status":"publish","type":"product","link":"https:\/\/milicia-pro.com\/index.php\/product\/faca-de-sobrevivencia-tipo-forcas-especiais-c-funda\/","title":{"rendered":"FACA DE SOBREVIV\u00caNCIA TIPO &#8220;FOR\u00c7AS ESPECIAIS&#8221; C\/FUNDA"},"content":{"rendered":"<p>L\u00e2mina: A\u00e7o inoxid\u00e1vel<br \/>\nCabo: 100% poliestireno<br \/>\nBainha: 100% polipropileno<br \/>\nComprimento da\u00a0l\u00e2mina\u00a0: 18,5 cm<br \/>\nComprimento total: 31 cm<\/p>\n<p>Faca de sobreviv\u00eancia com extenso equipamento de sobreviv\u00eancia:<br \/>\n&#8211; b\u00fassola<br \/>\n&#8211; serra manual<br \/>\n&#8211; lixa<br \/>\n&#8211; anzol (3 pe\u00e7as)<br \/>\n&#8211; linha de nylon (109 cm)<br \/>\n&#8211; linha de pesca<br \/>\n&#8211; conjunto de\u00a0linhas de pesca<br \/>\n&#8211; Agulhas (2 pe\u00e7as)<\/p>\n","protected":false},"excerpt":{"rendered":"<p>L\u00e2mina: A\u00e7o inoxid\u00e1vel Cabo: 100% poliestireno Bainha: 100% polipropileno Comprimento da\u00a0l\u00e2mina\u00a0: 18,5 cm Comprimento total: 31 cm Faca de sobreviv\u00eancia com extenso equipamento de sobreviv\u00eancia: &#8211; b\u00fassola &#8211; serra manual &#8211; lixa &#8211; anzol (3 pe\u00e7as) &#8211; linha de nylon (109 cm) &#8211; linha de pesca &#8211; conjunto de\u00a0linhas de pesca &#8211; Agulhas (2 pe\u00e7as)<\/p>\n","protected":false},"featured_media":33872,"comment_status":"open","ping_status":"closed","template":"","meta":{"_monsterinsights_skip_tracking":false,"_monsterinsights_sitenote_active":false,"_monsterinsights_sitenote_note":"","_monsterinsights_sitenote_category":0},"product_brand":[],"product_cat":[1065,1099,829,855],"product_tag":[147,913,306],"class_list":{"0":"post-33802","1":"product","2":"type-product","3":"status-publish","4":"has-post-thumbnail","6":"product_cat-cutelariaferramentas","7":"product_cat-faca","8":"product_cat-marcas","9":"product_cat-sturm-mil-tec","10":"product_tag-faca","11":"product_tag-mato","12":"product_tag-sobrevivencia","14":"first","15":"outofstock","16":"shipping-taxable","17":"purchasable","18":"product-type-variable"},"aioseo_notices":[],"jetpack_sharing_enabled":true,"_links":{"self":[{"href":"https:\/\/milicia-pro.com\/index.php\/wp-json\/wp\/v2\/product\/33802","targetHints":{"allow":["GET"]}}],"collection":[{"href":"https:\/\/milicia-pro.com\/index.php\/wp-json\/wp\/v2\/product"}],"about":[{"href":"https:\/\/milicia-pro.com\/index.php\/wp-json\/wp\/v2\/types\/product"}],"replies":[{"embeddable":true,"href":"https:\/\/milicia-pro.com\/index.php\/wp-json\/wp\/v2\/comments?post=33802"}],"wp:featuredmedia":[{"embeddable":true,"href":"https:\/\/milicia-pro.com\/index.php\/wp-json\/wp\/v2\/media\/33872"}],"wp:attachment":[{"href":"https:\/\/milicia-pro.com\/index.php\/wp-json\/wp\/v2\/media?parent=33802"}],"wp:term":[{"taxonomy":"product_brand","embeddable":true,"href":"https:\/\/milicia-pro.com\/index.php\/wp-json\/wp\/v2\/product_brand?post=33802"},{"taxonomy":"product_cat","embeddable":true,"href":"https:\/\/milicia-pro.com\/index.php\/wp-json\/wp\/v2\/product_cat?post=33802"},{"taxonomy":"product_tag","embeddable":true,"href":"https:\/\/milicia-pro.com\/index.php\/wp-json\/wp\/v2\/product_tag?post=33802"}],"curies":[{"name":"wp","href":"https:\/\/api.w.org\/{rel}","templated":true}]}}