{"id":33801,"date":"2022-09-01T18:45:53","date_gmt":"2022-09-01T18:45:53","guid":{"rendered":"https:\/\/milicia-pro.com\/?post_type=product&#038;p=33801"},"modified":"2026-04-22T14:12:41","modified_gmt":"2026-04-22T14:12:41","slug":"faca-de-sobrevivencia-piloto-125-cm","status":"publish","type":"product","link":"https:\/\/milicia-pro.com\/index.php\/product\/faca-de-sobrevivencia-piloto-125-cm\/","title":{"rendered":"FACA DE SOBREVIV\u00caNCIA PILOTO 12,5 CM"},"content":{"rendered":"<p>L\u00e2mina: a\u00e7o 100% carbono<br \/>\nCabo: 100% couro<br \/>\nRevestimento: 100% couro<br \/>\nComprimento da\u00a0l\u00e2mina\u00a0: 12,5 cm<br \/>\nComprimento total: 23 cm<\/p>\n<p>&#8211; revestimento em couro com pedra de amolar<\/p>\n","protected":false},"excerpt":{"rendered":"<p>L\u00e2mina: a\u00e7o 100% carbono Cabo: 100% couro Revestimento: 100% couro Comprimento da\u00a0l\u00e2mina\u00a0: 12,5 cm Comprimento total: 23 cm &#8211; revestimento em couro com pedra de amolar<\/p>\n","protected":false},"featured_media":33857,"comment_status":"open","ping_status":"closed","template":"","meta":{"_monsterinsights_skip_tracking":false,"_monsterinsights_sitenote_active":false,"_monsterinsights_sitenote_note":"","_monsterinsights_sitenote_category":0},"product_brand":[],"product_cat":[1065,1099,829,1074,855],"product_tag":[147,913,306],"class_list":{"0":"post-33801","1":"product","2":"type-product","3":"status-publish","4":"has-post-thumbnail","6":"product_cat-cutelariaferramentas","7":"product_cat-faca","8":"product_cat-marcas","9":"product_cat-sobrevivencia","10":"product_cat-sturm-mil-tec","11":"product_tag-faca","12":"product_tag-mato","13":"product_tag-sobrevivencia","15":"first","16":"instock","17":"shipping-taxable","18":"purchasable","19":"product-type-variable"},"aioseo_notices":[],"jetpack_sharing_enabled":true,"_links":{"self":[{"href":"https:\/\/milicia-pro.com\/index.php\/wp-json\/wp\/v2\/product\/33801","targetHints":{"allow":["GET"]}}],"collection":[{"href":"https:\/\/milicia-pro.com\/index.php\/wp-json\/wp\/v2\/product"}],"about":[{"href":"https:\/\/milicia-pro.com\/index.php\/wp-json\/wp\/v2\/types\/product"}],"replies":[{"embeddable":true,"href":"https:\/\/milicia-pro.com\/index.php\/wp-json\/wp\/v2\/comments?post=33801"}],"wp:featuredmedia":[{"embeddable":true,"href":"https:\/\/milicia-pro.com\/index.php\/wp-json\/wp\/v2\/media\/33857"}],"wp:attachment":[{"href":"https:\/\/milicia-pro.com\/index.php\/wp-json\/wp\/v2\/media?parent=33801"}],"wp:term":[{"taxonomy":"product_brand","embeddable":true,"href":"https:\/\/milicia-pro.com\/index.php\/wp-json\/wp\/v2\/product_brand?post=33801"},{"taxonomy":"product_cat","embeddable":true,"href":"https:\/\/milicia-pro.com\/index.php\/wp-json\/wp\/v2\/product_cat?post=33801"},{"taxonomy":"product_tag","embeddable":true,"href":"https:\/\/milicia-pro.com\/index.php\/wp-json\/wp\/v2\/product_tag?post=33801"}],"curies":[{"name":"wp","href":"https:\/\/api.w.org\/{rel}","templated":true}]}}