{"id":33800,"date":"2022-09-01T18:45:53","date_gmt":"2022-09-01T18:45:53","guid":{"rendered":"https:\/\/milicia-pro.com\/?post_type=product&#038;p=33800"},"modified":"2026-04-22T13:57:17","modified_gmt":"2026-04-22T13:57:17","slug":"funda-p-baioneta-m3-couro","status":"publish","type":"product","link":"https:\/\/milicia-pro.com\/index.php\/product\/funda-p-baioneta-m3-couro\/","title":{"rendered":"FUNDA P\/ BAIONETA -M3 COURO"},"content":{"rendered":"<p>100% couro de b\u00fafalo<\/p>\n<p>&#8211; bainha para faca de combate M3<br \/>\n&#8211; presilha adicional para fixa\u00e7\u00e3o da faca<\/p>\n","protected":false},"excerpt":{"rendered":"<p>100% couro de b\u00fafalo &#8211; bainha para faca de combate M3 &#8211; presilha adicional para fixa\u00e7\u00e3o da faca<\/p>\n","protected":false},"featured_media":33856,"comment_status":"open","ping_status":"closed","template":"","meta":{"_monsterinsights_skip_tracking":false,"_monsterinsights_sitenote_active":false,"_monsterinsights_sitenote_note":"","_monsterinsights_sitenote_category":0},"product_brand":[],"product_cat":[1064,1269,829,855],"product_tag":[933,147,928],"class_list":{"0":"post-33800","1":"product","2":"type-product","3":"status-publish","4":"has-post-thumbnail","6":"product_cat-equipamentotatico","7":"product_cat-funda-para-faca","8":"product_cat-marcas","9":"product_cat-sturm-mil-tec","10":"product_tag-baioneta","11":"product_tag-faca","12":"product_tag-funda","14":"first","15":"instock","16":"shipping-taxable","17":"purchasable","18":"product-type-variable"},"aioseo_notices":[],"jetpack_sharing_enabled":true,"_links":{"self":[{"href":"https:\/\/milicia-pro.com\/index.php\/wp-json\/wp\/v2\/product\/33800","targetHints":{"allow":["GET"]}}],"collection":[{"href":"https:\/\/milicia-pro.com\/index.php\/wp-json\/wp\/v2\/product"}],"about":[{"href":"https:\/\/milicia-pro.com\/index.php\/wp-json\/wp\/v2\/types\/product"}],"replies":[{"embeddable":true,"href":"https:\/\/milicia-pro.com\/index.php\/wp-json\/wp\/v2\/comments?post=33800"}],"wp:featuredmedia":[{"embeddable":true,"href":"https:\/\/milicia-pro.com\/index.php\/wp-json\/wp\/v2\/media\/33856"}],"wp:attachment":[{"href":"https:\/\/milicia-pro.com\/index.php\/wp-json\/wp\/v2\/media?parent=33800"}],"wp:term":[{"taxonomy":"product_brand","embeddable":true,"href":"https:\/\/milicia-pro.com\/index.php\/wp-json\/wp\/v2\/product_brand?post=33800"},{"taxonomy":"product_cat","embeddable":true,"href":"https:\/\/milicia-pro.com\/index.php\/wp-json\/wp\/v2\/product_cat?post=33800"},{"taxonomy":"product_tag","embeddable":true,"href":"https:\/\/milicia-pro.com\/index.php\/wp-json\/wp\/v2\/product_tag?post=33800"}],"curies":[{"name":"wp","href":"https:\/\/api.w.org\/{rel}","templated":true}]}}