{"id":33797,"date":"2022-09-01T18:45:52","date_gmt":"2022-09-01T18:45:52","guid":{"rendered":"https:\/\/milicia-pro.com\/?post_type=product&#038;p=33797"},"modified":"2025-11-12T10:57:44","modified_gmt":"2025-11-12T10:57:44","slug":"marmita-militar-aluminio-3-pecas-c-pega","status":"publish","type":"product","link":"https:\/\/milicia-pro.com\/index.php\/product\/marmita-militar-aluminio-3-pecas-c-pega\/","title":{"rendered":"MARMITA MILITAR ALUMINIO 3 PE\u00c7AS C\/PEGA"},"content":{"rendered":"<p>A\u00e7o inoxid\u00e1vel<br \/>\nDimens\u00f5es desdobradas: 43 x 19 x 7,5 cm<br \/>\nTamanho da embalagem: 20,5 x 17,7 x 5 cm<br \/>\nPeso: 420 g<\/p>\n<p>&#8211; A tampa tamb\u00e9m pode ser usada como prato<br \/>\n&#8211; A al\u00e7a da panela tamb\u00e9m serve para fechar a lou\u00e7a<br \/>\n&#8211; tamanho compacto da embalagem<\/p>\n","protected":false},"excerpt":{"rendered":"<p>A\u00e7o inoxid\u00e1vel Dimens\u00f5es desdobradas: 43 x 19 x 7,5 cm Tamanho da embalagem: 20,5 x 17,7 x 5 cm Peso: 420 g &#8211; A tampa tamb\u00e9m pode ser usada como prato &#8211; A al\u00e7a da panela tamb\u00e9m serve para fechar a lou\u00e7a &#8211; tamanho compacto da embalagem<\/p>\n","protected":false},"featured_media":33852,"comment_status":"open","ping_status":"closed","template":"","meta":{"_monsterinsights_skip_tracking":false,"_monsterinsights_sitenote_active":false,"_monsterinsights_sitenote_note":"","_monsterinsights_sitenote_category":0},"product_brand":[],"product_cat":[1474,829,1068,855],"product_tag":[728,745],"class_list":{"0":"post-33797","1":"product","2":"type-product","3":"status-publish","4":"has-post-thumbnail","6":"product_cat-alimentacao-acessorios","7":"product_cat-marcas","8":"product_cat-outdoor","9":"product_cat-sturm-mil-tec","10":"product_tag-campismo","11":"product_tag-marmita","13":"first","14":"instock","15":"shipping-taxable","16":"purchasable","17":"product-type-variable"},"aioseo_notices":[],"jetpack_sharing_enabled":true,"_links":{"self":[{"href":"https:\/\/milicia-pro.com\/index.php\/wp-json\/wp\/v2\/product\/33797","targetHints":{"allow":["GET"]}}],"collection":[{"href":"https:\/\/milicia-pro.com\/index.php\/wp-json\/wp\/v2\/product"}],"about":[{"href":"https:\/\/milicia-pro.com\/index.php\/wp-json\/wp\/v2\/types\/product"}],"replies":[{"embeddable":true,"href":"https:\/\/milicia-pro.com\/index.php\/wp-json\/wp\/v2\/comments?post=33797"}],"wp:featuredmedia":[{"embeddable":true,"href":"https:\/\/milicia-pro.com\/index.php\/wp-json\/wp\/v2\/media\/33852"}],"wp:attachment":[{"href":"https:\/\/milicia-pro.com\/index.php\/wp-json\/wp\/v2\/media?parent=33797"}],"wp:term":[{"taxonomy":"product_brand","embeddable":true,"href":"https:\/\/milicia-pro.com\/index.php\/wp-json\/wp\/v2\/product_brand?post=33797"},{"taxonomy":"product_cat","embeddable":true,"href":"https:\/\/milicia-pro.com\/index.php\/wp-json\/wp\/v2\/product_cat?post=33797"},{"taxonomy":"product_tag","embeddable":true,"href":"https:\/\/milicia-pro.com\/index.php\/wp-json\/wp\/v2\/product_tag?post=33797"}],"curies":[{"name":"wp","href":"https:\/\/api.w.org\/{rel}","templated":true}]}}