{"id":33796,"date":"2022-09-01T18:45:52","date_gmt":"2022-09-01T18:45:52","guid":{"rendered":"https:\/\/milicia-pro.com\/?post_type=product&#038;p=33796"},"modified":"2025-06-05T16:40:49","modified_gmt":"2025-06-05T16:40:49","slug":"conjunto-talheres-c-funda-3-pecas-canivete-garfo-colher-verde","status":"publish","type":"product","link":"https:\/\/milicia-pro.com\/index.php\/product\/conjunto-talheres-c-funda-3-pecas-canivete-garfo-colher-verde\/","title":{"rendered":"CONJUNTO TALHERES C\/FUNDA -3 PE\u00c7AS (CANIVETE\/GARFO\/COLHER)-VERDE"},"content":{"rendered":"<p>Saco de\u00a0a\u00e7o inoxid\u00e1vel\u00a0: 100% poli\u00e9ster<br \/>\nDimens\u00f5es da embalagem: 15 x 5 x 3,5 cm<\/p>\n<p>composto por:<br \/>\ncanivete, garfo e colher<br \/>\npeso total: aproximadamente 225 g<\/p>\n<p>faca:<br \/>\ncomprimento da l\u00e2mina: 7,5 cm<br \/>\ncomprimento total: 19 cm<\/p>\n<p>&#8211; l\u00e2mina larga<br \/>\n&#8211; ferramenta multifuncional com chave, L\u00e2mina de serra, abridor de garrafas e latas,<br \/>\nanel\u00a0externo de pregos\u00a0&#8211; anel para cord\u00e3o<br \/>\n&#8211; incluindo mala de transporte<\/p>\n","protected":false},"excerpt":{"rendered":"<p>Saco de\u00a0a\u00e7o inoxid\u00e1vel\u00a0: 100% poli\u00e9ster Dimens\u00f5es da embalagem: 15 x 5 x 3,5 cm composto por: canivete, garfo e colher peso total: aproximadamente 225 g faca: comprimento da l\u00e2mina: 7,5 cm comprimento total: 19 cm &#8211; l\u00e2mina larga &#8211; ferramenta multifuncional com chave, L\u00e2mina de serra, abridor de garrafas e latas, anel\u00a0externo de pregos\u00a0&#8211; anel [&#8230;]\n","protected":false},"featured_media":33850,"comment_status":"open","ping_status":"closed","template":"","meta":{"_monsterinsights_skip_tracking":false,"_monsterinsights_sitenote_active":false,"_monsterinsights_sitenote_note":"","_monsterinsights_sitenote_category":0},"product_brand":[],"product_cat":[1474,829,1068,855],"product_tag":[728,744],"class_list":{"0":"post-33796","1":"product","2":"type-product","3":"status-publish","4":"has-post-thumbnail","6":"product_cat-alimentacao-acessorios","7":"product_cat-marcas","8":"product_cat-outdoor","9":"product_cat-sturm-mil-tec","10":"product_tag-campismo","11":"product_tag-talheres","13":"first","14":"instock","15":"shipping-taxable","16":"purchasable","17":"product-type-variable"},"aioseo_notices":[],"jetpack_sharing_enabled":true,"_links":{"self":[{"href":"https:\/\/milicia-pro.com\/index.php\/wp-json\/wp\/v2\/product\/33796","targetHints":{"allow":["GET"]}}],"collection":[{"href":"https:\/\/milicia-pro.com\/index.php\/wp-json\/wp\/v2\/product"}],"about":[{"href":"https:\/\/milicia-pro.com\/index.php\/wp-json\/wp\/v2\/types\/product"}],"replies":[{"embeddable":true,"href":"https:\/\/milicia-pro.com\/index.php\/wp-json\/wp\/v2\/comments?post=33796"}],"wp:featuredmedia":[{"embeddable":true,"href":"https:\/\/milicia-pro.com\/index.php\/wp-json\/wp\/v2\/media\/33850"}],"wp:attachment":[{"href":"https:\/\/milicia-pro.com\/index.php\/wp-json\/wp\/v2\/media?parent=33796"}],"wp:term":[{"taxonomy":"product_brand","embeddable":true,"href":"https:\/\/milicia-pro.com\/index.php\/wp-json\/wp\/v2\/product_brand?post=33796"},{"taxonomy":"product_cat","embeddable":true,"href":"https:\/\/milicia-pro.com\/index.php\/wp-json\/wp\/v2\/product_cat?post=33796"},{"taxonomy":"product_tag","embeddable":true,"href":"https:\/\/milicia-pro.com\/index.php\/wp-json\/wp\/v2\/product_tag?post=33796"}],"curies":[{"name":"wp","href":"https:\/\/api.w.org\/{rel}","templated":true}]}}