{"id":33795,"date":"2022-09-01T18:45:52","date_gmt":"2022-09-01T18:45:52","guid":{"rendered":"https:\/\/milicia-pro.com\/?post_type=product&#038;p=33795"},"modified":"2025-06-05T16:40:32","modified_gmt":"2025-06-05T16:40:32","slug":"conjunto-talheres-us-3pecas-aco","status":"publish","type":"product","link":"https:\/\/milicia-pro.com\/index.php\/product\/conjunto-talheres-us-3pecas-aco\/","title":{"rendered":"CONJUNTO TALHERES US-3PE\u00c7AS A\u00c7O"},"content":{"rendered":"<p>A\u00e7o inoxid\u00e1vel, \u00e0 prova de ferrugem<br \/>\nComprimento: 19 cm<br \/>\nPeso: aproximadamente 120 g<\/p>\n<p>&#8211; faca<br \/>\n&#8211; garfo<br \/>\n&#8211; colher<\/p>\n","protected":false},"excerpt":{"rendered":"<p>A\u00e7o inoxid\u00e1vel, \u00e0 prova de ferrugem Comprimento: 19 cm Peso: aproximadamente 120 g &#8211; faca &#8211; garfo &#8211; colher<\/p>\n","protected":false},"featured_media":33849,"comment_status":"open","ping_status":"closed","template":"","meta":{"_monsterinsights_skip_tracking":false,"_monsterinsights_sitenote_active":false,"_monsterinsights_sitenote_note":"","_monsterinsights_sitenote_category":0},"product_brand":[],"product_cat":[1474,829,1068,855],"product_tag":[728,744],"class_list":{"0":"post-33795","1":"product","2":"type-product","3":"status-publish","4":"has-post-thumbnail","6":"product_cat-alimentacao-acessorios","7":"product_cat-marcas","8":"product_cat-outdoor","9":"product_cat-sturm-mil-tec","10":"product_tag-campismo","11":"product_tag-talheres","13":"first","14":"instock","15":"shipping-taxable","16":"purchasable","17":"product-type-variable"},"aioseo_notices":[],"jetpack_sharing_enabled":true,"_links":{"self":[{"href":"https:\/\/milicia-pro.com\/index.php\/wp-json\/wp\/v2\/product\/33795","targetHints":{"allow":["GET"]}}],"collection":[{"href":"https:\/\/milicia-pro.com\/index.php\/wp-json\/wp\/v2\/product"}],"about":[{"href":"https:\/\/milicia-pro.com\/index.php\/wp-json\/wp\/v2\/types\/product"}],"replies":[{"embeddable":true,"href":"https:\/\/milicia-pro.com\/index.php\/wp-json\/wp\/v2\/comments?post=33795"}],"wp:featuredmedia":[{"embeddable":true,"href":"https:\/\/milicia-pro.com\/index.php\/wp-json\/wp\/v2\/media\/33849"}],"wp:attachment":[{"href":"https:\/\/milicia-pro.com\/index.php\/wp-json\/wp\/v2\/media?parent=33795"}],"wp:term":[{"taxonomy":"product_brand","embeddable":true,"href":"https:\/\/milicia-pro.com\/index.php\/wp-json\/wp\/v2\/product_brand?post=33795"},{"taxonomy":"product_cat","embeddable":true,"href":"https:\/\/milicia-pro.com\/index.php\/wp-json\/wp\/v2\/product_cat?post=33795"},{"taxonomy":"product_tag","embeddable":true,"href":"https:\/\/milicia-pro.com\/index.php\/wp-json\/wp\/v2\/product_tag?post=33795"}],"curies":[{"name":"wp","href":"https:\/\/api.w.org\/{rel}","templated":true}]}}