{"id":33773,"date":"2022-09-01T18:45:27","date_gmt":"2022-09-01T18:45:27","guid":{"rendered":"https:\/\/milicia-pro.com\/?post_type=product&#038;p=33773"},"modified":"2025-12-05T16:44:32","modified_gmt":"2025-12-05T16:44:32","slug":"conjunto-jantar-c-argola-aco","status":"publish","type":"product","link":"https:\/\/milicia-pro.com\/index.php\/product\/conjunto-jantar-c-argola-aco\/","title":{"rendered":"CONJUNTO JANTAR C\/ ARGOLA \/ A\u00c7O"},"content":{"rendered":"<p>A\u00e7o inoxid\u00e1vel<br \/>\nPeso: 95 g<br \/>\nTamanho da embalagem: 21 x 11 x 2,3 cm<\/p>\n<p>&#8211; os talheres podem ser mantidos juntos por um anel (para transporte)<br \/>\n&#8211; talheres muito leves<\/p>\n","protected":false},"excerpt":{"rendered":"<p>A\u00e7o inoxid\u00e1vel Peso: 95 g Tamanho da embalagem: 21 x 11 x 2,3 cm &#8211; os talheres podem ser mantidos juntos por um anel (para transporte) &#8211; talheres muito leves<\/p>\n","protected":false},"featured_media":33844,"comment_status":"open","ping_status":"closed","template":"","meta":{"_monsterinsights_skip_tracking":false,"_monsterinsights_sitenote_active":false,"_monsterinsights_sitenote_note":"","_monsterinsights_sitenote_category":0},"product_brand":[],"product_cat":[1474,829,1068,855],"product_tag":[728,744],"class_list":{"0":"post-33773","1":"product","2":"type-product","3":"status-publish","4":"has-post-thumbnail","6":"product_cat-alimentacao-acessorios","7":"product_cat-marcas","8":"product_cat-outdoor","9":"product_cat-sturm-mil-tec","10":"product_tag-campismo","11":"product_tag-talheres","13":"first","14":"instock","15":"shipping-taxable","16":"purchasable","17":"product-type-variable"},"aioseo_notices":[],"jetpack_sharing_enabled":true,"_links":{"self":[{"href":"https:\/\/milicia-pro.com\/index.php\/wp-json\/wp\/v2\/product\/33773","targetHints":{"allow":["GET"]}}],"collection":[{"href":"https:\/\/milicia-pro.com\/index.php\/wp-json\/wp\/v2\/product"}],"about":[{"href":"https:\/\/milicia-pro.com\/index.php\/wp-json\/wp\/v2\/types\/product"}],"replies":[{"embeddable":true,"href":"https:\/\/milicia-pro.com\/index.php\/wp-json\/wp\/v2\/comments?post=33773"}],"wp:featuredmedia":[{"embeddable":true,"href":"https:\/\/milicia-pro.com\/index.php\/wp-json\/wp\/v2\/media\/33844"}],"wp:attachment":[{"href":"https:\/\/milicia-pro.com\/index.php\/wp-json\/wp\/v2\/media?parent=33773"}],"wp:term":[{"taxonomy":"product_brand","embeddable":true,"href":"https:\/\/milicia-pro.com\/index.php\/wp-json\/wp\/v2\/product_brand?post=33773"},{"taxonomy":"product_cat","embeddable":true,"href":"https:\/\/milicia-pro.com\/index.php\/wp-json\/wp\/v2\/product_cat?post=33773"},{"taxonomy":"product_tag","embeddable":true,"href":"https:\/\/milicia-pro.com\/index.php\/wp-json\/wp\/v2\/product_tag?post=33773"}],"curies":[{"name":"wp","href":"https:\/\/api.w.org\/{rel}","templated":true}]}}