{"id":33772,"date":"2022-09-01T18:45:27","date_gmt":"2022-09-01T18:45:27","guid":{"rendered":"https:\/\/milicia-pro.com\/?post_type=product&#038;p=33772"},"modified":"2026-03-09T17:25:21","modified_gmt":"2026-03-09T17:25:21","slug":"conjunto-jantar-exercito-3-pecas-aco","status":"publish","type":"product","link":"https:\/\/milicia-pro.com\/index.php\/product\/conjunto-jantar-exercito-3-pecas-aco\/","title":{"rendered":"CONJUNTO JANTAR EX\u00c9RCITO 3 PE\u00c7AS \/ A\u00c7O"},"content":{"rendered":"<p>A\u00e7o inoxid\u00e1vel<br \/>\nPeso: 140 g<br \/>\nTamanho da embalagem: 19,8 x 6,4 x 3,1 cm<\/p>\n<p>&#8211; incluindo abridor de latas e garrafas<\/p>\n","protected":false},"excerpt":{"rendered":"<p>A\u00e7o inoxid\u00e1vel Peso: 140 g Tamanho da embalagem: 19,8 x 6,4 x 3,1 cm &#8211; incluindo abridor de latas e garrafas<\/p>\n","protected":false},"featured_media":33843,"comment_status":"open","ping_status":"closed","template":"","meta":{"_monsterinsights_skip_tracking":false,"_monsterinsights_sitenote_active":false,"_monsterinsights_sitenote_note":"","_monsterinsights_sitenote_category":0},"product_brand":[],"product_cat":[1474,829,1068,855],"product_tag":[728,744],"class_list":{"0":"post-33772","1":"product","2":"type-product","3":"status-publish","4":"has-post-thumbnail","6":"product_cat-alimentacao-acessorios","7":"product_cat-marcas","8":"product_cat-outdoor","9":"product_cat-sturm-mil-tec","10":"product_tag-campismo","11":"product_tag-talheres","13":"first","14":"instock","15":"shipping-taxable","16":"purchasable","17":"product-type-variable"},"aioseo_notices":[],"jetpack_sharing_enabled":true,"_links":{"self":[{"href":"https:\/\/milicia-pro.com\/index.php\/wp-json\/wp\/v2\/product\/33772","targetHints":{"allow":["GET"]}}],"collection":[{"href":"https:\/\/milicia-pro.com\/index.php\/wp-json\/wp\/v2\/product"}],"about":[{"href":"https:\/\/milicia-pro.com\/index.php\/wp-json\/wp\/v2\/types\/product"}],"replies":[{"embeddable":true,"href":"https:\/\/milicia-pro.com\/index.php\/wp-json\/wp\/v2\/comments?post=33772"}],"wp:featuredmedia":[{"embeddable":true,"href":"https:\/\/milicia-pro.com\/index.php\/wp-json\/wp\/v2\/media\/33843"}],"wp:attachment":[{"href":"https:\/\/milicia-pro.com\/index.php\/wp-json\/wp\/v2\/media?parent=33772"}],"wp:term":[{"taxonomy":"product_brand","embeddable":true,"href":"https:\/\/milicia-pro.com\/index.php\/wp-json\/wp\/v2\/product_brand?post=33772"},{"taxonomy":"product_cat","embeddable":true,"href":"https:\/\/milicia-pro.com\/index.php\/wp-json\/wp\/v2\/product_cat?post=33772"},{"taxonomy":"product_tag","embeddable":true,"href":"https:\/\/milicia-pro.com\/index.php\/wp-json\/wp\/v2\/product_tag?post=33772"}],"curies":[{"name":"wp","href":"https:\/\/api.w.org\/{rel}","templated":true}]}}