{"id":33762,"date":"2022-09-01T18:45:03","date_gmt":"2022-09-01T18:45:03","guid":{"rendered":"https:\/\/milicia-pro.com\/?post_type=product&#038;p=33762"},"modified":"2025-09-29T21:14:47","modified_gmt":"2025-09-29T21:14:47","slug":"pastilhas-purificadoras-agua-micropur-forte-mf-1t-425","status":"publish","type":"product","link":"https:\/\/milicia-pro.com\/index.php\/product\/pastilhas-purificadoras-agua-micropur-forte-mf-1t-425\/","title":{"rendered":"PASTILHAS PURIFICADORAS \u00c1GUA MICROPUR FORTE MF 1T (4X25)"},"content":{"rendered":"<p>Ingredientes ativos: Troclose de s\u00f3dio 99,8 mg \/ g;\u00a0Prata 1,8 mg \/ g<br \/>\nMateriais: para uso em pl\u00e1stico ou vidro<\/p>\n<p>&#8211; conserva a \u00e1gua pot\u00e1vel por at\u00e9 6 meses<br \/>\n&#8211; elimina bact\u00e9rias e v\u00edrus em 30 minutos, amebas e Giardia em 120 min<br \/>\n&#8211; desinfecta a \u00e1gua da torneira \/ \u00e1gua de nascente<br \/>\n&#8211; pelo efeito oxidante do cloro Al\u00e9m de bact\u00e9rias, v\u00edrus e a maioria dos protozo\u00e1rios e fungos s\u00e3o eliminados<br \/>\n&#8211; conservante ideal para a \u00e1gua em tanques de \u00e1gua, banhos de \u00e1gua, circuitos de resfriamento, circuitos de aquecimento, humidificadores, cisternas, incubadoras e muito mais<br \/>\n&#8211; para \u00e1gua limpa, sem nuvens.<\/p>\n","protected":false},"excerpt":{"rendered":"<p>Ingredientes ativos: Troclose de s\u00f3dio 99,8 mg \/ g;\u00a0Prata 1,8 mg \/ g Materiais: para uso em pl\u00e1stico ou vidro &#8211; conserva a \u00e1gua pot\u00e1vel por at\u00e9 6 meses &#8211; elimina bact\u00e9rias e v\u00edrus em 30 minutos, amebas e Giardia em 120 min &#8211; desinfecta a \u00e1gua da torneira \/ \u00e1gua de nascente &#8211; pelo [&#8230;]\n","protected":false},"featured_media":33840,"comment_status":"open","ping_status":"closed","template":"","meta":{"_monsterinsights_skip_tracking":false,"_monsterinsights_sitenote_active":false,"_monsterinsights_sitenote_note":"","_monsterinsights_sitenote_category":0},"product_brand":[],"product_cat":[829,1068,1074,855],"product_tag":[57,742,934,743],"class_list":{"0":"post-33762","1":"product","2":"type-product","3":"status-publish","4":"has-post-thumbnail","6":"product_cat-marcas","7":"product_cat-outdoor","8":"product_cat-sobrevivencia","9":"product_cat-sturm-mil-tec","10":"product_tag-agua","11":"product_tag-limpeza","12":"product_tag-pastilhas","13":"product_tag-pura","15":"first","16":"instock","17":"shipping-taxable","18":"purchasable","19":"product-type-variable"},"aioseo_notices":[],"jetpack_sharing_enabled":true,"_links":{"self":[{"href":"https:\/\/milicia-pro.com\/index.php\/wp-json\/wp\/v2\/product\/33762","targetHints":{"allow":["GET"]}}],"collection":[{"href":"https:\/\/milicia-pro.com\/index.php\/wp-json\/wp\/v2\/product"}],"about":[{"href":"https:\/\/milicia-pro.com\/index.php\/wp-json\/wp\/v2\/types\/product"}],"replies":[{"embeddable":true,"href":"https:\/\/milicia-pro.com\/index.php\/wp-json\/wp\/v2\/comments?post=33762"}],"wp:featuredmedia":[{"embeddable":true,"href":"https:\/\/milicia-pro.com\/index.php\/wp-json\/wp\/v2\/media\/33840"}],"wp:attachment":[{"href":"https:\/\/milicia-pro.com\/index.php\/wp-json\/wp\/v2\/media?parent=33762"}],"wp:term":[{"taxonomy":"product_brand","embeddable":true,"href":"https:\/\/milicia-pro.com\/index.php\/wp-json\/wp\/v2\/product_brand?post=33762"},{"taxonomy":"product_cat","embeddable":true,"href":"https:\/\/milicia-pro.com\/index.php\/wp-json\/wp\/v2\/product_cat?post=33762"},{"taxonomy":"product_tag","embeddable":true,"href":"https:\/\/milicia-pro.com\/index.php\/wp-json\/wp\/v2\/product_tag?post=33762"}],"curies":[{"name":"wp","href":"https:\/\/api.w.org\/{rel}","templated":true}]}}